{"id":327,"date":"2021-01-12T09:27:30","date_gmt":"2021-01-12T09:27:30","guid":{"rendered":"https:\/\/stg.policy.my-gate.eu\/gizlilik-politikasi\/"},"modified":"2022-03-10T16:43:28","modified_gmt":"2022-03-10T16:43:28","slug":"gizlilik-politikasi","status":"publish","type":"page","link":"https:\/\/policy.my-gate.eu\/tr\/gizlilik-politikasi\/","title":{"rendered":"Gizlilik Politikas\u0131"},"content":{"rendered":"<section class=\"page-section policy-privacy\">\n<div class=\"column\">\n<h2 class=\"page-section__title\">Ki\u015fisel verilerin i\u015flenmesine ili\u015fkin bilgiler <br \/>sanat uyar\u0131nca. (ab) 2016\/679 (&#8220;gdpr&#8221;) y\u00f6netmeli\u011finin 13&#8217;\u00fc<\/h2>\n<h2 class=\"page-section__title\"> Tedavi sahibi<\/h2>\n<p class=\"page-section__paragraph\"><strong>Amilon Srl<\/strong> Via Natale Battaglia &#8211; 12, Milano (MI), telefon numaras\u0131 +39 02 365 596 50, <a class=\"linkText\" href=\"mailto:privacy@amilon.it\">privacy@amilon.it<\/a> ( <strong>&#8220;\u015eirket&#8221;<\/strong> ).<\/p>\n<h2 class=\"page-section__title\">Veri koruma g\u00f6revlisi (dpo)<\/h2>\n<p class=\"page-section__paragraph\"><a class=\"linkText\" href=\"mailto:dpo-ext@amilon.it\">dpo-ext@amilon.it<\/a><\/p>\n<div class=\"responsive-table-wrapper\">\n<table class=\"responsive-table\">\n<tbody>\n<tr>\n<th valign=\"top\"> Ama\u00e7 <br \/> tedavinin <\/th>\n<th valign=\"top\"> yasal dayanak <br \/> tedavinin <\/th>\n<th valign=\"top\"> Saklama s\u00fcresi <br \/> birka\u00e7 veri <\/th>\n<\/tr>\n<tr>\n<td valign=\"top\"> \u015eirket taraf\u0131ndan sa\u011flanan hizmetlerin kaydedilmesine ve kullan\u0131lmas\u0131na izin vermek. <\/td>\n<td valign=\"top\"> Taraf\u0131 oldu\u011funuz bir s\u00f6zle\u015fmenin ifas\u0131. <\/td>\n<td valign=\"top\" rowspan=\"3\"> S\u00f6zle\u015fme s\u00fcresi ve fesihten sonra 10 y\u0131ll\u0131k ola\u011fan zamana\u015f\u0131m\u0131 s\u00fcresi i\u00e7in.<br \/>\n\t\t\t\t\t\t\t\t<br \/>Adli bir uyu\u015fmazl\u0131k durumunda, temyiz s\u00fcresi sona erinceye kadar, t\u00fcm s\u00fcre boyunca.\n\t\t\t\t\t\t\t <\/td>\n<\/tr>\n<tr>\n<td valign=\"top\"> Y\u00f6netmelikler ve ge\u00e7erli ulusal ve uluslar\u00fcst\u00fc mevzuat taraf\u0131ndan belirlenen y\u00fck\u00fcml\u00fcl\u00fckleri yerine getirmek. <\/td>\n<td valign=\"top\"> Yasal y\u00fck\u00fcml\u00fcl\u00fckleri yerine getirme ihtiyac\u0131 <\/td>\n<\/tr>\n<tr>\n<td valign=\"top\"> Gerekirse, Veri Sorumlusunun haklar\u0131n\u0131 mahkemede tespit etmek, kullanmak veya savunmak <\/td>\n<td valign=\"top\"> me\u015fru menfaat <\/td>\n<\/tr>\n<tr>\n<td valign=\"top\" colspan=\"3\">\n<hr class=\"inner-separator\">Yukar\u0131da belirtilen saklama ko\u015fullar\u0131 sona erdi\u011finde, Veriler teknik iptal ve yedekleme prosed\u00fcrlerine uygun olarak imha edilecek, silinecek veya anonim hale getirilecektir.<\/td>\n<\/tr>\n<\/tbody>\n<\/table><\/div>\n<h3>Veri sa\u011flama y\u00fck\u00fcml\u00fcl\u00fc\u011f\u00fc<\/h3>\n<p class=\"page-section__paragraph\">\n Verilerin sa\u011flanmas\u0131, s\u00f6zle\u015fmenin kurulmas\u0131 ve devam\u0131 i\u00e7in zorunludur; bu nedenle yukar\u0131da belirtilen verileri sa\u011flamay\u0131 reddetmek, hizmetlerin kullan\u0131lmas\u0131na izin vermez.\n\t\t\t<\/p>\n<h3>\n Veri al\u0131c\u0131lar\u0131<br \/>\n\t\t\t<\/h3>\n<p class=\"page-section__paragraph\">\n Veriler, \u00f6rne\u011fin, denetim ve kontrol makamlar\u0131 ve organlar\u0131 ve genel olarak, verileri talep etme hakk\u0131na sahip olan kamu veya \u00f6zel \u015fah\u0131slar gibi <strong>sahip<\/strong> olarak faaliyet g\u00f6steren harici taraflar taraf\u0131ndan ve ayr\u0131ca \u00f6nceden izin al\u0131narak \u00fc\u00e7\u00fcnc\u00fc \u015fah\u0131slara i\u015flenebilir. yukar\u0131da belirtilen kategorilere ait parti ortaklar\u0131. <br \/>\n Veriler, \u015eirket ad\u0131na, <strong>y\u00f6netici<\/strong> olarak atanan ve yeterli i\u015fletim talimatlar\u0131 verilen harici taraflarca da i\u015flenebilir. Bu konular temel olarak a\u015fa\u011f\u0131daki kategorilere dahildir:\n\t\t\t<\/p>\n<ol class=\"lower-alpha-list\">\n<li>e-posta g\u00f6nderme hizmeti sunan \u015firketler; <\/li>\n<li>web sitesi bak\u0131m hizmetleri sunan \u015firketler;<\/li>\n<li>idari ve m\u00fc\u015fteri hizmetleri hizmetleri sunan \u015firketler.<\/li>\n<\/ol>\n<h3>\u0130\u015fleme yetkisi verilen konular<\/h3>\n<p class=\"page-section__paragraph\">Veriler, yukar\u0131da belirtilen ama\u00e7lara ula\u015fmaktan sorumlu olan, i\u015fleme i\u00e7in a\u00e7\u0131k\u00e7a yetkilendirilmi\u015f ve yeterli \u00e7al\u0131\u015ft\u0131rma talimatlar\u0131n\u0131 alm\u0131\u015f olan kurumsal fonksiyonlar\u0131n \u00e7al\u0131\u015fanlar\u0131 taraf\u0131ndan i\u015flenebilir.<\/p>\n<h3>\u0130lgili taraf\u0131n haklar\u0131 &#8211; denetim makam\u0131na \u015fikayet<\/h3>\n<p class=\"page-section__paragraph\">\u0130lgili taraflar, <a href=\"mailto:privacy@amilon.it\" class=\"linkText\">privacy@amilon.it adresinden<\/a> \u015eirket ile e-posta yoluyla ileti\u015fime ge\u00e7erek, sahibinden kendileri ile ilgili verilere eri\u015fmesini, bunlar\u0131n iptal edilmesini, yanl\u0131\u015f verilerin d\u00fczeltilmesini, eksik verilerin entegrasyonunu, S\u00f6zle\u015fme&#8217;nin \u00f6ng\u00f6rd\u00fc\u011f\u00fc durumlarda tedavinin s\u0131n\u0131rland\u0131r\u0131lmas\u0131n\u0131 talep edebilir. Sanat. 18 GDPR&#8217;nin yan\u0131 s\u0131ra, sahibinin me\u015fru menfaati hipotezinde ki\u015finin \u00f6zel durumuna ba\u011fl\u0131 nedenlerle i\u015flemeye muhalefet.<\/p>\n<p class=\"page-section__paragraph\">Ayr\u0131ca, i\u015flemenin r\u0131zaya veya s\u00f6zle\u015fmeye dayal\u0131 olmas\u0131 ve otomatik ara\u00e7larla ger\u00e7ekle\u015ftirilmesi halinde, ilgili taraflar, verileri yap\u0131land\u0131r\u0131lm\u0131\u015f, yayg\u0131n olarak kullan\u0131lan ve otomatik cihaz taraf\u0131ndan okunabilen bir formatta alma hakk\u0131na sahiptir. teknik olarak m\u00fcmk\u00fcnse, bunlar\u0131 ba\u015fka bir sahibine engelsiz olarak iletmek.<\/p>\n<p class=\"page-section__paragraph\">\u0130lgili taraflar, genellikle ikamet ettikleri veya \u00e7al\u0131\u015ft\u0131klar\u0131 \u00dcye Devletteki veya iddia edilen ihlalin meydana geldi\u011fi Devletteki yetkili Denetim Otoritesine \u015fikayette bulunma hakk\u0131na sahiptir.<\/p>\n<\/p><\/div>\n<\/section>\n","protected":false},"excerpt":{"rendered":"<p>Ki\u015fisel verilerin i\u015flenmesine ili\u015fkin bilgiler sanat uyar\u0131nca. (ab) 2016\/679 (&#8220;gdpr&#8221;) y\u00f6netmeli\u011finin 13&#8217;\u00fc Tedavi sahibi Amilon Srl Via Natale Battaglia &#8211; 12, Milano (MI), telefon numaras\u0131 +39 02 365 596 50, privacy@amilon.it ( &#8220;\u015eirket&#8221; ). Veri koruma g\u00f6revlisi (dpo) dpo-ext@amilon.it Ama\u00e7 tedavinin yasal dayanak tedavinin Saklama s\u00fcresi birka\u00e7 veri \u015eirket taraf\u0131ndan sa\u011flanan hizmetlerin kaydedilmesine ve kullan\u0131lmas\u0131na<a class=\"excerpt-read-more\" href=\"https:\/\/policy.my-gate.eu\/tr\/gizlilik-politikasi\/\" title=\"ReadGizlilik Politikas\u0131\">&#8230; Read more &raquo;<\/a><\/p>\n","protected":false},"author":1,"featured_media":0,"parent":0,"menu_order":0,"comment_status":"closed","ping_status":"closed","template":"template-full-width.php","meta":{"footnotes":""},"class_list":["post-327","page","type-page","status-publish","hentry"],"yoast_head":"<!-- This site is optimized with the Yoast SEO plugin v27.5 - https:\/\/yoast.com\/product\/yoast-seo-wordpress\/ -->\n<title>Gizlilik Politikas\u0131 - My Gate - Privacy Policy<\/title>\n<meta name=\"robots\" content=\"noindex, nofollow\" \/>\n<meta property=\"og:locale\" content=\"tr_TR\" \/>\n<meta property=\"og:type\" content=\"article\" \/>\n<meta property=\"og:title\" content=\"Gizlilik Politikas\u0131 - My Gate - Privacy Policy\" \/>\n<meta property=\"og:description\" content=\"Ki\u015fisel verilerin i\u015flenmesine ili\u015fkin bilgiler sanat uyar\u0131nca. (ab) 2016\/679 (&#8220;gdpr&#8221;) y\u00f6netmeli\u011finin 13&#8217;\u00fc Tedavi sahibi Amilon Srl Via Natale Battaglia &#8211; 12, Milano (MI), telefon numaras\u0131 +39 02 365 596 50, privacy@amilon.it ( &#8220;\u015eirket&#8221; ). Veri koruma g\u00f6revlisi (dpo) dpo-ext@amilon.it Ama\u00e7 tedavinin yasal dayanak tedavinin Saklama s\u00fcresi birka\u00e7 veri \u015eirket taraf\u0131ndan sa\u011flanan hizmetlerin kaydedilmesine ve kullan\u0131lmas\u0131na... Read more &raquo;\" \/>\n<meta property=\"og:url\" content=\"https:\/\/policy.my-gate.eu\/tr\/gizlilik-politikasi\/\" \/>\n<meta property=\"og:site_name\" content=\"My Gate - Privacy Policy\" \/>\n<meta property=\"article:modified_time\" content=\"2022-03-10T16:43:28+00:00\" \/>\n<meta name=\"twitter:card\" content=\"summary_large_image\" \/>\n<meta name=\"twitter:label1\" content=\"Tahmini okuma s\u00fcresi\" \/>\n\t<meta name=\"twitter:data1\" content=\"3 dakika\" \/>\n<script type=\"application\/ld+json\" class=\"yoast-schema-graph\">{\"@context\":\"https:\\\/\\\/schema.org\",\"@graph\":[{\"@type\":\"WebPage\",\"@id\":\"https:\\\/\\\/policy.my-gate.eu\\\/tr\\\/gizlilik-politikasi\\\/\",\"url\":\"https:\\\/\\\/policy.my-gate.eu\\\/tr\\\/gizlilik-politikasi\\\/\",\"name\":\"Gizlilik Politikas\u0131 - My Gate - Privacy Policy\",\"isPartOf\":{\"@id\":\"https:\\\/\\\/policy.my-gate.eu\\\/tr\\\/#website\"},\"datePublished\":\"2021-01-12T09:27:30+00:00\",\"dateModified\":\"2022-03-10T16:43:28+00:00\",\"breadcrumb\":{\"@id\":\"https:\\\/\\\/policy.my-gate.eu\\\/tr\\\/gizlilik-politikasi\\\/#breadcrumb\"},\"inLanguage\":\"tr\",\"potentialAction\":[{\"@type\":\"ReadAction\",\"target\":[\"https:\\\/\\\/policy.my-gate.eu\\\/tr\\\/gizlilik-politikasi\\\/\"]}]},{\"@type\":\"BreadcrumbList\",\"@id\":\"https:\\\/\\\/policy.my-gate.eu\\\/tr\\\/gizlilik-politikasi\\\/#breadcrumb\",\"itemListElement\":[{\"@type\":\"ListItem\",\"position\":1,\"name\":\"Home\",\"item\":\"https:\\\/\\\/policy.my-gate.eu\\\/tr\\\/\"},{\"@type\":\"ListItem\",\"position\":2,\"name\":\"Gizlilik Politikas\u0131\"}]},{\"@type\":\"WebSite\",\"@id\":\"https:\\\/\\\/policy.my-gate.eu\\\/tr\\\/#website\",\"url\":\"https:\\\/\\\/policy.my-gate.eu\\\/tr\\\/\",\"name\":\"My Gate - Privacy Policy\",\"description\":\"\",\"potentialAction\":[{\"@type\":\"SearchAction\",\"target\":{\"@type\":\"EntryPoint\",\"urlTemplate\":\"https:\\\/\\\/policy.my-gate.eu\\\/tr\\\/?s={search_term_string}\"},\"query-input\":{\"@type\":\"PropertyValueSpecification\",\"valueRequired\":true,\"valueName\":\"search_term_string\"}}],\"inLanguage\":\"tr\"}]}<\/script>\n<!-- \/ Yoast SEO plugin. -->","yoast_head_json":{"title":"Gizlilik Politikas\u0131 - My Gate - Privacy Policy","robots":{"index":"noindex","follow":"nofollow"},"og_locale":"tr_TR","og_type":"article","og_title":"Gizlilik Politikas\u0131 - My Gate - Privacy Policy","og_description":"Ki\u015fisel verilerin i\u015flenmesine ili\u015fkin bilgiler sanat uyar\u0131nca. (ab) 2016\/679 (&#8220;gdpr&#8221;) y\u00f6netmeli\u011finin 13&#8217;\u00fc Tedavi sahibi Amilon Srl Via Natale Battaglia &#8211; 12, Milano (MI), telefon numaras\u0131 +39 02 365 596 50, privacy@amilon.it ( &#8220;\u015eirket&#8221; ). Veri koruma g\u00f6revlisi (dpo) dpo-ext@amilon.it Ama\u00e7 tedavinin yasal dayanak tedavinin Saklama s\u00fcresi birka\u00e7 veri \u015eirket taraf\u0131ndan sa\u011flanan hizmetlerin kaydedilmesine ve kullan\u0131lmas\u0131na... Read more &raquo;","og_url":"https:\/\/policy.my-gate.eu\/tr\/gizlilik-politikasi\/","og_site_name":"My Gate - Privacy Policy","article_modified_time":"2022-03-10T16:43:28+00:00","twitter_card":"summary_large_image","twitter_misc":{"Tahmini okuma s\u00fcresi":"3 dakika"},"schema":{"@context":"https:\/\/schema.org","@graph":[{"@type":"WebPage","@id":"https:\/\/policy.my-gate.eu\/tr\/gizlilik-politikasi\/","url":"https:\/\/policy.my-gate.eu\/tr\/gizlilik-politikasi\/","name":"Gizlilik Politikas\u0131 - My Gate - Privacy Policy","isPartOf":{"@id":"https:\/\/policy.my-gate.eu\/tr\/#website"},"datePublished":"2021-01-12T09:27:30+00:00","dateModified":"2022-03-10T16:43:28+00:00","breadcrumb":{"@id":"https:\/\/policy.my-gate.eu\/tr\/gizlilik-politikasi\/#breadcrumb"},"inLanguage":"tr","potentialAction":[{"@type":"ReadAction","target":["https:\/\/policy.my-gate.eu\/tr\/gizlilik-politikasi\/"]}]},{"@type":"BreadcrumbList","@id":"https:\/\/policy.my-gate.eu\/tr\/gizlilik-politikasi\/#breadcrumb","itemListElement":[{"@type":"ListItem","position":1,"name":"Home","item":"https:\/\/policy.my-gate.eu\/tr\/"},{"@type":"ListItem","position":2,"name":"Gizlilik Politikas\u0131"}]},{"@type":"WebSite","@id":"https:\/\/policy.my-gate.eu\/tr\/#website","url":"https:\/\/policy.my-gate.eu\/tr\/","name":"My Gate - Privacy Policy","description":"","potentialAction":[{"@type":"SearchAction","target":{"@type":"EntryPoint","urlTemplate":"https:\/\/policy.my-gate.eu\/tr\/?s={search_term_string}"},"query-input":{"@type":"PropertyValueSpecification","valueRequired":true,"valueName":"search_term_string"}}],"inLanguage":"tr"}]}},"_links":{"self":[{"href":"https:\/\/policy.my-gate.eu\/tr\/wp-json\/wp\/v2\/pages\/327","targetHints":{"allow":["GET"]}}],"collection":[{"href":"https:\/\/policy.my-gate.eu\/tr\/wp-json\/wp\/v2\/pages"}],"about":[{"href":"https:\/\/policy.my-gate.eu\/tr\/wp-json\/wp\/v2\/types\/page"}],"author":[{"embeddable":true,"href":"https:\/\/policy.my-gate.eu\/tr\/wp-json\/wp\/v2\/users\/1"}],"replies":[{"embeddable":true,"href":"https:\/\/policy.my-gate.eu\/tr\/wp-json\/wp\/v2\/comments?post=327"}],"version-history":[{"count":1,"href":"https:\/\/policy.my-gate.eu\/tr\/wp-json\/wp\/v2\/pages\/327\/revisions"}],"predecessor-version":[{"id":329,"href":"https:\/\/policy.my-gate.eu\/tr\/wp-json\/wp\/v2\/pages\/327\/revisions\/329"}],"wp:attachment":[{"href":"https:\/\/policy.my-gate.eu\/tr\/wp-json\/wp\/v2\/media?parent=327"}],"curies":[{"name":"wp","href":"https:\/\/api.w.org\/{rel}","templated":true}]}}