{"id":318,"date":"2021-01-12T09:27:30","date_gmt":"2021-01-12T09:27:30","guid":{"rendered":"https:\/\/stg.policy.my-gate.eu\/integritetspolicy\/"},"modified":"2022-03-10T16:43:26","modified_gmt":"2022-03-10T16:43:26","slug":"integritetspolicy","status":"publish","type":"page","link":"https:\/\/policy.my-gate.eu\/sv\/integritetspolicy\/","title":{"rendered":"Integritetspolicy"},"content":{"rendered":"<section class=\"page-section policy-privacy\">\n<div class=\"column\">\n<h2 class=\"page-section__title\">Information om behandling av personuppgifter <br \/>enligt art. 13 i f\u00f6rordning (eu) 2016\/679 (&#8221;gdpr&#8221;)<\/h2>\n<h2 class=\"page-section__title\"> Innehavare av behandlingen<\/h2>\n<p class=\"page-section__paragraph\"><strong>Amilon Srl<\/strong> Via Natale Battaglia &#8211; 12, Milano (MI), telefonnummer +39 02 365 596 50, <a class=\"linkText\" href=\"mailto:privacy@amilon.it\">privacy@amilon.it<\/a> ( <strong>&#8221;F\u00f6retag&#8221;<\/strong> ).<\/p>\n<h2 class=\"page-section__title\">Dataskyddsombud (dpo)<\/h2>\n<p class=\"page-section__paragraph\"><a class=\"linkText\" href=\"mailto:dpo-ext@amilon.it\">dpo-ext@amilon.it<\/a><\/p>\n<div class=\"responsive-table-wrapper\">\n<table class=\"responsive-table\">\n<tbody>\n<tr>\n<th valign=\"top\"> \u00c4ndam\u00e5l <br \/> av behandlingen <\/th>\n<th valign=\"top\"> R\u00e4ttslig grund <br \/> av behandlingen <\/th>\n<th valign=\"top\"> Lagringstid <br \/> vissa data <\/th>\n<\/tr>\n<tr>\n<td valign=\"top\"> Till\u00e5t registrering och anv\u00e4ndning av tj\u00e4nsterna som tillhandah\u00e5lls av f\u00f6retaget. <\/td>\n<td valign=\"top\"> Utf\u00f6rande av ett avtal som du \u00e4r part i. <\/td>\n<td valign=\"top\" rowspan=\"3\"> Kontraktets l\u00f6ptid och, efter upps\u00e4gning, f\u00f6r den ordinarie preskriptionstiden om 10 \u00e5r.<br \/>\n\t\t\t\t\t\t\t\t<br \/>I h\u00e4ndelse av en r\u00e4ttslig tvist, under hela densamma, tills villkoren f\u00f6r verkst\u00e4llbarheten f\u00f6r \u00f6verklagandena l\u00f6per ut.\n\t\t\t\t\t\t\t <\/td>\n<\/tr>\n<tr>\n<td valign=\"top\"> Uppfylla skyldigheter som fastst\u00e4llts av f\u00f6rordningar och av till\u00e4mplig nationell och \u00f6vernationell lagstiftning. <\/td>\n<td valign=\"top\"> Beh\u00f6ver uppfylla r\u00e4ttsliga skyldigheter <\/td>\n<\/tr>\n<tr>\n<td valign=\"top\"> Om n\u00f6dv\u00e4ndigt, f\u00f6r att fastst\u00e4lla, ut\u00f6va eller f\u00f6rsvara den personuppgiftsansvariges r\u00e4ttigheter i domstol <\/td>\n<td valign=\"top\"> Ber\u00e4ttigat intresse <\/td>\n<\/tr>\n<tr>\n<td valign=\"top\" colspan=\"3\">\n<hr class=\"inner-separator\">N\u00e4r lagringsvillkoren som anges ovan har l\u00f6pt ut kommer data att f\u00f6rst\u00f6ras, raderas eller g\u00f6ras anonyma, i enlighet med de tekniska avboknings- och s\u00e4kerhetskopieringsprocedurerna.<\/td>\n<\/tr>\n<\/tbody>\n<\/table><\/div>\n<h3>Skyldighet att l\u00e4mna uppgifter<\/h3>\n<p class=\"page-section__paragraph\">\n Tillhandah\u00e5llande av data \u00e4r obligatoriskt f\u00f6r ing\u00e5ende och forts\u00e4ttning av avtalet; v\u00e4gran att tillhandah\u00e5lla ovan n\u00e4mnda uppgifter till\u00e5ter d\u00e4rf\u00f6r inte anv\u00e4ndningen av tj\u00e4nsterna.\n\t\t\t<\/p>\n<h3>\n Datamottagare<br \/>\n\t\t\t<\/h3>\n<p class=\"page-section__paragraph\">\n Uppgifterna kan behandlas av externa parter som verkar som <strong>\u00e4gare<\/strong> , s\u00e5som till exempel tillsyns- och kontrollmyndigheter och organ och i allm\u00e4nhet \u00e4mnen, offentliga eller privata, som har r\u00e4tt att beg\u00e4ra uppgifterna, samt, med f\u00f6rhandsgodk\u00e4nnande, till tredje man partpartner som tillh\u00f6r kategorierna som anges ovan. <br \/>\n Uppgifterna kan ocks\u00e5 komma att behandlas, f\u00f6r Bolagets r\u00e4kning, av externa parter utsedda som <strong>chefer<\/strong> , som ges adekvata driftsinstruktioner. Dessa \u00e4mnen ing\u00e5r i huvudsak i f\u00f6ljande kategorier:\n\t\t\t<\/p>\n<ol class=\"lower-alpha-list\">\n<li>f\u00f6retag som erbjuder tj\u00e4nster f\u00f6r att skicka e-post; <\/li>\n<li>f\u00f6retag som erbjuder tj\u00e4nster f\u00f6r underh\u00e5ll av webbplatser;<\/li>\n<li>f\u00f6retag som erbjuder administrativa och kundv\u00e5rdstj\u00e4nster.<\/li>\n<\/ol>\n<h3>\u00c4mnen som \u00e4r beh\u00f6riga att behandla<\/h3>\n<p class=\"page-section__paragraph\">Uppgifterna kan komma att behandlas av anst\u00e4llda vid f\u00f6retagsfunktioner som ansvarar f\u00f6r att fullf\u00f6lja ovann\u00e4mnda syften, som uttryckligen har godk\u00e4nts f\u00f6r behandling och som har f\u00e5tt adekvata driftsinstruktioner.<\/p>\n<h3>Den ber\u00f6rda partens r\u00e4ttigheter &#8211; klagom\u00e5l till tillsynsmyndigheten<\/h3>\n<p class=\"page-section__paragraph\">Genom att kontakta f\u00f6retaget via e-post p\u00e5 <a href=\"mailto:privacy@amilon.it\" class=\"linkText\">privacy@amilon.it<\/a> kan intresserade parter be \u00e4garen att f\u00e5 tillg\u00e5ng till uppgifter om dem, deras annullering, korrigering av felaktiga uppgifter, integration av ofullst\u00e4ndiga uppgifter, begr\u00e4nsning av behandlingen i fallen f\u00f6rutses av konsten. 18 GDPR, s\u00e5v\u00e4l som motst\u00e5ndet mot behandlingen, av sk\u00e4l kopplade till ens speciella situation, i hypotesen om \u00e4garens legitima intresse.<\/p>\n<p class=\"page-section__paragraph\">Vidare, i h\u00e4ndelse av att behandlingen grundar sig p\u00e5 samtycke eller p\u00e5 kontraktet och utf\u00f6rs med automatiserade verktyg, har ber\u00f6rda parter r\u00e4tt att f\u00e5 uppgifterna i ett strukturerat format, vanligen anv\u00e4nt och l\u00e4sbart av automatisk enhet, samt , om det \u00e4r tekniskt m\u00f6jligt, att \u00f6verf\u00f6ra dem till en annan innehavare utan hinder.<\/p>\n<p class=\"page-section__paragraph\">Ber\u00f6rda parter har r\u00e4tt att l\u00e4mna in ett klagom\u00e5l till den beh\u00f6riga tillsynsmyndigheten i den medlemsstat d\u00e4r de vanligtvis bor eller arbetar eller i den stat d\u00e4r den p\u00e5st\u00e5dda \u00f6vertr\u00e4delsen har intr\u00e4ffat.<\/p>\n<\/p><\/div>\n<\/section>\n","protected":false},"excerpt":{"rendered":"<p>Information om behandling av personuppgifter enligt art. 13 i f\u00f6rordning (eu) 2016\/679 (&#8221;gdpr&#8221;) Innehavare av behandlingen Amilon Srl Via Natale Battaglia &#8211; 12, Milano (MI), telefonnummer +39 02 365 596 50, privacy@amilon.it ( &#8221;F\u00f6retag&#8221; ). Dataskyddsombud (dpo) dpo-ext@amilon.it \u00c4ndam\u00e5l av behandlingen R\u00e4ttslig grund av behandlingen Lagringstid vissa data Till\u00e5t registrering och anv\u00e4ndning av tj\u00e4nsterna som<a class=\"excerpt-read-more\" href=\"https:\/\/policy.my-gate.eu\/sv\/integritetspolicy\/\" title=\"ReadIntegritetspolicy\">&#8230; Read more &raquo;<\/a><\/p>\n","protected":false},"author":1,"featured_media":0,"parent":0,"menu_order":0,"comment_status":"closed","ping_status":"closed","template":"template-full-width.php","meta":{"footnotes":""},"class_list":["post-318","page","type-page","status-publish","hentry"],"yoast_head":"<!-- This site is optimized with the Yoast SEO plugin v27.5 - https:\/\/yoast.com\/product\/yoast-seo-wordpress\/ -->\n<title>Integritetspolicy - My Gate - Privacy Policy<\/title>\n<meta name=\"robots\" content=\"noindex, nofollow\" \/>\n<meta property=\"og:locale\" content=\"sv_SE\" \/>\n<meta property=\"og:type\" content=\"article\" \/>\n<meta property=\"og:title\" content=\"Integritetspolicy - My Gate - Privacy Policy\" \/>\n<meta property=\"og:description\" content=\"Information om behandling av personuppgifter enligt art. 13 i f\u00f6rordning (eu) 2016\/679 (&#8221;gdpr&#8221;) Innehavare av behandlingen Amilon Srl Via Natale Battaglia &#8211; 12, Milano (MI), telefonnummer +39 02 365 596 50, privacy@amilon.it ( &#8221;F\u00f6retag&#8221; ). Dataskyddsombud (dpo) dpo-ext@amilon.it \u00c4ndam\u00e5l av behandlingen R\u00e4ttslig grund av behandlingen Lagringstid vissa data Till\u00e5t registrering och anv\u00e4ndning av tj\u00e4nsterna som... Read more &raquo;\" \/>\n<meta property=\"og:url\" content=\"https:\/\/policy.my-gate.eu\/sv\/integritetspolicy\/\" \/>\n<meta property=\"og:site_name\" content=\"My Gate - Privacy Policy\" \/>\n<meta property=\"article:modified_time\" content=\"2022-03-10T16:43:26+00:00\" \/>\n<meta name=\"twitter:card\" content=\"summary_large_image\" \/>\n<meta name=\"twitter:label1\" content=\"Ber\u00e4knad l\u00e4stid\" \/>\n\t<meta name=\"twitter:data1\" content=\"3 minuter\" \/>\n<script type=\"application\/ld+json\" class=\"yoast-schema-graph\">{\"@context\":\"https:\\\/\\\/schema.org\",\"@graph\":[{\"@type\":\"WebPage\",\"@id\":\"https:\\\/\\\/policy.my-gate.eu\\\/sv\\\/integritetspolicy\\\/\",\"url\":\"https:\\\/\\\/policy.my-gate.eu\\\/sv\\\/integritetspolicy\\\/\",\"name\":\"Integritetspolicy - My Gate - Privacy Policy\",\"isPartOf\":{\"@id\":\"https:\\\/\\\/policy.my-gate.eu\\\/sv\\\/#website\"},\"datePublished\":\"2021-01-12T09:27:30+00:00\",\"dateModified\":\"2022-03-10T16:43:26+00:00\",\"breadcrumb\":{\"@id\":\"https:\\\/\\\/policy.my-gate.eu\\\/sv\\\/integritetspolicy\\\/#breadcrumb\"},\"inLanguage\":\"sv-SE\",\"potentialAction\":[{\"@type\":\"ReadAction\",\"target\":[\"https:\\\/\\\/policy.my-gate.eu\\\/sv\\\/integritetspolicy\\\/\"]}]},{\"@type\":\"BreadcrumbList\",\"@id\":\"https:\\\/\\\/policy.my-gate.eu\\\/sv\\\/integritetspolicy\\\/#breadcrumb\",\"itemListElement\":[{\"@type\":\"ListItem\",\"position\":1,\"name\":\"Home\",\"item\":\"https:\\\/\\\/policy.my-gate.eu\\\/sv\\\/\"},{\"@type\":\"ListItem\",\"position\":2,\"name\":\"Integritetspolicy\"}]},{\"@type\":\"WebSite\",\"@id\":\"https:\\\/\\\/policy.my-gate.eu\\\/sv\\\/#website\",\"url\":\"https:\\\/\\\/policy.my-gate.eu\\\/sv\\\/\",\"name\":\"My Gate - Privacy Policy\",\"description\":\"\",\"potentialAction\":[{\"@type\":\"SearchAction\",\"target\":{\"@type\":\"EntryPoint\",\"urlTemplate\":\"https:\\\/\\\/policy.my-gate.eu\\\/sv\\\/?s={search_term_string}\"},\"query-input\":{\"@type\":\"PropertyValueSpecification\",\"valueRequired\":true,\"valueName\":\"search_term_string\"}}],\"inLanguage\":\"sv-SE\"}]}<\/script>\n<!-- \/ Yoast SEO plugin. -->","yoast_head_json":{"title":"Integritetspolicy - My Gate - Privacy Policy","robots":{"index":"noindex","follow":"nofollow"},"og_locale":"sv_SE","og_type":"article","og_title":"Integritetspolicy - My Gate - Privacy Policy","og_description":"Information om behandling av personuppgifter enligt art. 13 i f\u00f6rordning (eu) 2016\/679 (&#8221;gdpr&#8221;) Innehavare av behandlingen Amilon Srl Via Natale Battaglia &#8211; 12, Milano (MI), telefonnummer +39 02 365 596 50, privacy@amilon.it ( &#8221;F\u00f6retag&#8221; ). Dataskyddsombud (dpo) dpo-ext@amilon.it \u00c4ndam\u00e5l av behandlingen R\u00e4ttslig grund av behandlingen Lagringstid vissa data Till\u00e5t registrering och anv\u00e4ndning av tj\u00e4nsterna som... Read more &raquo;","og_url":"https:\/\/policy.my-gate.eu\/sv\/integritetspolicy\/","og_site_name":"My Gate - Privacy Policy","article_modified_time":"2022-03-10T16:43:26+00:00","twitter_card":"summary_large_image","twitter_misc":{"Ber\u00e4knad l\u00e4stid":"3 minuter"},"schema":{"@context":"https:\/\/schema.org","@graph":[{"@type":"WebPage","@id":"https:\/\/policy.my-gate.eu\/sv\/integritetspolicy\/","url":"https:\/\/policy.my-gate.eu\/sv\/integritetspolicy\/","name":"Integritetspolicy - My Gate - Privacy Policy","isPartOf":{"@id":"https:\/\/policy.my-gate.eu\/sv\/#website"},"datePublished":"2021-01-12T09:27:30+00:00","dateModified":"2022-03-10T16:43:26+00:00","breadcrumb":{"@id":"https:\/\/policy.my-gate.eu\/sv\/integritetspolicy\/#breadcrumb"},"inLanguage":"sv-SE","potentialAction":[{"@type":"ReadAction","target":["https:\/\/policy.my-gate.eu\/sv\/integritetspolicy\/"]}]},{"@type":"BreadcrumbList","@id":"https:\/\/policy.my-gate.eu\/sv\/integritetspolicy\/#breadcrumb","itemListElement":[{"@type":"ListItem","position":1,"name":"Home","item":"https:\/\/policy.my-gate.eu\/sv\/"},{"@type":"ListItem","position":2,"name":"Integritetspolicy"}]},{"@type":"WebSite","@id":"https:\/\/policy.my-gate.eu\/sv\/#website","url":"https:\/\/policy.my-gate.eu\/sv\/","name":"My Gate - Privacy Policy","description":"","potentialAction":[{"@type":"SearchAction","target":{"@type":"EntryPoint","urlTemplate":"https:\/\/policy.my-gate.eu\/sv\/?s={search_term_string}"},"query-input":{"@type":"PropertyValueSpecification","valueRequired":true,"valueName":"search_term_string"}}],"inLanguage":"sv-SE"}]}},"_links":{"self":[{"href":"https:\/\/policy.my-gate.eu\/sv\/wp-json\/wp\/v2\/pages\/318","targetHints":{"allow":["GET"]}}],"collection":[{"href":"https:\/\/policy.my-gate.eu\/sv\/wp-json\/wp\/v2\/pages"}],"about":[{"href":"https:\/\/policy.my-gate.eu\/sv\/wp-json\/wp\/v2\/types\/page"}],"author":[{"embeddable":true,"href":"https:\/\/policy.my-gate.eu\/sv\/wp-json\/wp\/v2\/users\/1"}],"replies":[{"embeddable":true,"href":"https:\/\/policy.my-gate.eu\/sv\/wp-json\/wp\/v2\/comments?post=318"}],"version-history":[{"count":1,"href":"https:\/\/policy.my-gate.eu\/sv\/wp-json\/wp\/v2\/pages\/318\/revisions"}],"predecessor-version":[{"id":319,"href":"https:\/\/policy.my-gate.eu\/sv\/wp-json\/wp\/v2\/pages\/318\/revisions\/319"}],"wp:attachment":[{"href":"https:\/\/policy.my-gate.eu\/sv\/wp-json\/wp\/v2\/media?parent=318"}],"curies":[{"name":"wp","href":"https:\/\/api.w.org\/{rel}","templated":true}]}}