{"id":305,"date":"2021-01-12T09:27:30","date_gmt":"2021-01-12T09:27:30","guid":{"rendered":"https:\/\/stg.policy.my-gate.eu\/politica-de-privacidade\/"},"modified":"2022-03-10T16:43:25","modified_gmt":"2022-03-10T16:43:25","slug":"politica-de-privacidade","status":"publish","type":"page","link":"https:\/\/policy.my-gate.eu\/pt-pt\/politica-de-privacidade\/","title":{"rendered":"Pol\u00edtica de Privacidade"},"content":{"rendered":"<section class=\"page-section policy-privacy\">\n<div class=\"column\">\n<h2 class=\"page-section__title\">Informa\u00e7\u00e3o sobre o tratamento de dados pessoais  <br \/>de acordo com a arte. 13 do Regulamento (UE) 2016\/679 (&#8220;RGPD&#8221;)<\/h2>\n<h2 class=\"page-section__title\">  Controlador de dados<\/h2>\n<p class=\"page-section__paragraph\"><strong>Amilon S.R.L.<\/strong> Via Natale Battaglia \u2013 12, Mil\u00e3o (MI), n\u00famero de telefone +39 02 365 596 50, <a class=\"linkText\" href=\"mailto:privacy@amilon.it\">privacy@amilon.it<\/a> (<strong>&#8220;Empresa&#8221;).<\/strong><\/p>\n<h2 class=\"page-section__title\">Oficial de Prote\u00e7\u00e3o de Dados (dpo)<\/h2>\n<p class=\"page-section__paragraph\"><a class=\"linkText\" href=\"mailto:dpo-ext@amilon.it\">dpo-ext@amilon.it<\/a><\/p>\n<div class=\"responsive-table-wrapper\">\n<table class=\"responsive-table\">\n<tbody>\n<tr>\n<th valign=\"top\">  Fim  <br \/>  do tratamento  <\/th>\n<th valign=\"top\">  Base jur\u00eddica  <br \/>  do tratamento  <\/th>\n<th valign=\"top\">  Per\u00edodo de reten\u00e7\u00e3o  <br \/>  dos dados  <\/th>\n<\/tr>\n<tr>\n<td valign=\"top\">  Permitir o registo e utiliza\u00e7\u00e3o dos servi\u00e7os prestados pela Empresa.  <\/td>\n<td valign=\"top\">  Desempenho de um contrato ao qual \u00e9s uma festa.  <\/td>\n<td valign=\"top\" rowspan=\"3\">  Dura\u00e7\u00e3o do contrato e, ap\u00f3s rescis\u00e3o, pelo prazo de prescri\u00e7\u00e3o ordin\u00e1rio de 10 anos.<br \/>\n\t\t\t\t\t\t\t\t<br \/>No caso de contencioso judicial, durante toda a dura\u00e7\u00e3o do mesmo, at\u00e9 ao esgotamento dos termos de pr\u00e1tica das a\u00e7\u00f5es de recurso.\n\t\t\t\t\t\t\t <\/td>\n<\/tr>\n<tr>\n<td valign=\"top\">  Cumprir obriga\u00e7\u00f5es nos termos da regulamenta\u00e7\u00e3o e da legisla\u00e7\u00e3o nacional e supranacional aplic\u00e1vel.  <\/td>\n<td valign=\"top\">  Necessidade de cumprir obriga\u00e7\u00f5es legais  <\/td>\n<\/tr>\n<tr>\n<td valign=\"top\">  Se necess\u00e1rio, para apurar, exercer ou defender os direitos do Respons\u00e1vel pelo Tratamento de Dados em tribunal  <\/td>\n<td valign=\"top\">  Interesse leg\u00edtimo  <\/td>\n<\/tr>\n<tr>\n<td valign=\"top\" colspan=\"3\">\n<hr class=\"inner-separator\">Uma vez decorridos os per\u00edodos de reten\u00e7\u00e3o acima indicados, os Dados ser\u00e3o destru\u00eddos, eliminados ou tornados an\u00f3nimos, compat\u00edveis com os procedimentos t\u00e9cnicos de cancelamento e backup.<\/td>\n<\/tr>\n<\/tbody>\n<\/table><\/div>\n<h3>Fornecimento obrigat\u00f3rio de dados<\/h3>\n<p class=\"page-section__paragraph\">\n  A disponibiliza\u00e7\u00e3o de dados \u00e9 obrigat\u00f3ria para a celebra\u00e7\u00e3o e continua\u00e7\u00e3o do contrato; a recusa em fornecer os dados acima referidos n\u00e3o permite, por conseguinte, a utiliza\u00e7\u00e3o dos servi\u00e7os.\n\t\t\t<\/p>\n<h3>\n  Destinat\u00e1rios dos dados<br \/>\n\t\t\t<\/h3>\n<p class=\"page-section__paragraph\">\n  Os dados podem ser tratados por partes externas que operam como <strong>respons\u00e1veis por dados<\/strong> , tais como, por exemplo, autoridades e organismos de supervis\u00e3o e controlo e em assuntos gerais, p\u00fablicos ou privados, com direito a solicitar os dados, bem como, sob reserva de consentimento, a parceiros terceiros pertencentes \u00e0s categorias acima indicadas.  <br \/>\n  Os dados podem tamb\u00e9m ser tratados, em nome da Empresa, por partes externas <strong>designadas como gestores<\/strong>, a quem sejam dadas as instru\u00e7\u00f5es de funcionamento adequadas. Estes temas est\u00e3o essencialmente inclu\u00eddos nas seguintes categorias:\n\t\t\t<\/p>\n<ol class=\"lower-alpha-list\">\n<li>empresas que oferecem servi\u00e7os de envio de e-mail;  <\/li>\n<li>empresas que oferecem servi\u00e7os de manuten\u00e7\u00e3o de websites;<\/li>\n<li>empresas que oferecem servi\u00e7os administrativos e de atendimento ao cliente.<\/li>\n<\/ol>\n<h3>Sujeitos autorizados a processar<\/h3>\n<p class=\"page-section__paragraph\">Os dados podem ser tratados por colaboradores das fun\u00e7\u00f5es da empresa respons\u00e1veis pela prossecu\u00e7\u00e3o das finalidades acima indicadas, que foram expressamente autorizadas a processar e que receberam instru\u00e7\u00f5es de funcionamento adequadas.<\/p>\n<h3>Direitos da parte interessada &#8211; reclama\u00e7\u00e3o \u00e0 autoridade de supervis\u00e3o<\/h3>\n<p class=\"page-section__paragraph\">Ao contactar a Empresa por e-mail no <a href=\"mailto:privacy@amilon.it\" class=\"linkText\">endere\u00e7o privacy@amilon.it<\/a>, as partes interessadas podem solicitar ao propriet\u00e1rio o acesso aos dados relativos aos mesmos, ao seu cancelamento, \u00e0 corre\u00e7\u00e3o de dados imprecisos, \u00e0 integra\u00e7\u00e3o de dados incompletos, \u00e0 limita\u00e7\u00e3o do tratamento nos casos previstos pela arte. 18 RGPD, bem como a oposi\u00e7\u00e3o ao processamento, por raz\u00f5es relacionadas com a sua situa\u00e7\u00e3o particular, em casos de interesse leg\u00edtimo do propriet\u00e1rio.<\/p>\n<p class=\"page-section__paragraph\">Al\u00e9m disso, as partes interessadas, no caso de o tratamento se basear no consentimento ou no contrato e for realizado com ferramentas automatizadas, t\u00eam o direito de receber os dados num formato estruturado, habitualmente utilizados e leg\u00edveis por dispositivo autom\u00e1tico, bem como, se tecnicamente exequ\u00edveis, transmiti-los a outro titular sem entraves.<\/p>\n<p class=\"page-section__paragraph\">Os titulares dos dados t\u00eam o direito de apresentar uma queixa \u00e0 autoridade de supervis\u00e3o competente no Estado-Membro em que residem habitualmente ou trabalham ou no Estado em que ocorreu a alegada infra\u00e7\u00e3o.<\/p>\n<\/p><\/div>\n<\/section>\n","protected":false},"excerpt":{"rendered":"<p>Informa\u00e7\u00e3o sobre o tratamento de dados pessoais de acordo com a arte. 13 do Regulamento (UE) 2016\/679 (&#8220;RGPD&#8221;) Controlador de dados Amilon S.R.L. Via Natale Battaglia \u2013 12, Mil\u00e3o (MI), n\u00famero de telefone +39 02 365 596 50, privacy@amilon.it (&#8220;Empresa&#8221;). Oficial de Prote\u00e7\u00e3o de Dados (dpo) dpo-ext@amilon.it Fim do tratamento Base jur\u00eddica do tratamento Per\u00edodo<a class=\"excerpt-read-more\" href=\"https:\/\/policy.my-gate.eu\/pt-pt\/politica-de-privacidade\/\" title=\"LerPol\u00edtica de Privacidade\">&#8230; Ler mais &raquo;<\/a><\/p>\n","protected":false},"author":1,"featured_media":0,"parent":0,"menu_order":0,"comment_status":"closed","ping_status":"closed","template":"template-full-width.php","meta":{"footnotes":""},"class_list":["post-305","page","type-page","status-publish","hentry"],"yoast_head":"<!-- This site is optimized with the Yoast SEO plugin v27.5 - https:\/\/yoast.com\/product\/yoast-seo-wordpress\/ -->\n<title>Pol\u00edtica de Privacidade - My Gate - Privacy Policy<\/title>\n<meta name=\"robots\" content=\"noindex, nofollow\" \/>\n<meta property=\"og:locale\" content=\"pt_PT\" \/>\n<meta property=\"og:type\" content=\"article\" \/>\n<meta property=\"og:title\" content=\"Pol\u00edtica de Privacidade - My Gate - Privacy Policy\" \/>\n<meta property=\"og:description\" content=\"Informa\u00e7\u00e3o sobre o tratamento de dados pessoais de acordo com a arte. 13 do Regulamento (UE) 2016\/679 (&#8220;RGPD&#8221;) Controlador de dados Amilon S.R.L. Via Natale Battaglia \u2013 12, Mil\u00e3o (MI), n\u00famero de telefone +39 02 365 596 50, privacy@amilon.it (&#8220;Empresa&#8221;). Oficial de Prote\u00e7\u00e3o de Dados (dpo) dpo-ext@amilon.it Fim do tratamento Base jur\u00eddica do tratamento Per\u00edodo... Ler mais &raquo;\" \/>\n<meta property=\"og:url\" content=\"https:\/\/policy.my-gate.eu\/pt-pt\/politica-de-privacidade\/\" \/>\n<meta property=\"og:site_name\" content=\"My Gate - Privacy Policy\" \/>\n<meta property=\"article:modified_time\" content=\"2022-03-10T16:43:25+00:00\" \/>\n<meta name=\"twitter:card\" content=\"summary_large_image\" \/>\n<meta name=\"twitter:label1\" content=\"Tempo estimado de leitura\" \/>\n\t<meta name=\"twitter:data1\" content=\"3 minutos\" \/>\n<script type=\"application\/ld+json\" class=\"yoast-schema-graph\">{\"@context\":\"https:\\\/\\\/schema.org\",\"@graph\":[{\"@type\":\"WebPage\",\"@id\":\"https:\\\/\\\/policy.my-gate.eu\\\/pt-pt\\\/politica-de-privacidade\\\/\",\"url\":\"https:\\\/\\\/policy.my-gate.eu\\\/pt-pt\\\/politica-de-privacidade\\\/\",\"name\":\"Pol\u00edtica de Privacidade - My Gate - Privacy Policy\",\"isPartOf\":{\"@id\":\"https:\\\/\\\/policy.my-gate.eu\\\/pt-pt\\\/#website\"},\"datePublished\":\"2021-01-12T09:27:30+00:00\",\"dateModified\":\"2022-03-10T16:43:25+00:00\",\"breadcrumb\":{\"@id\":\"https:\\\/\\\/policy.my-gate.eu\\\/pt-pt\\\/politica-de-privacidade\\\/#breadcrumb\"},\"inLanguage\":\"pt-PT\",\"potentialAction\":[{\"@type\":\"ReadAction\",\"target\":[\"https:\\\/\\\/policy.my-gate.eu\\\/pt-pt\\\/politica-de-privacidade\\\/\"]}]},{\"@type\":\"BreadcrumbList\",\"@id\":\"https:\\\/\\\/policy.my-gate.eu\\\/pt-pt\\\/politica-de-privacidade\\\/#breadcrumb\",\"itemListElement\":[{\"@type\":\"ListItem\",\"position\":1,\"name\":\"Home\",\"item\":\"https:\\\/\\\/policy.my-gate.eu\\\/pt-pt\\\/\"},{\"@type\":\"ListItem\",\"position\":2,\"name\":\"Pol\u00edtica de Privacidade\"}]},{\"@type\":\"WebSite\",\"@id\":\"https:\\\/\\\/policy.my-gate.eu\\\/pt-pt\\\/#website\",\"url\":\"https:\\\/\\\/policy.my-gate.eu\\\/pt-pt\\\/\",\"name\":\"My Gate - Privacy Policy\",\"description\":\"\",\"potentialAction\":[{\"@type\":\"SearchAction\",\"target\":{\"@type\":\"EntryPoint\",\"urlTemplate\":\"https:\\\/\\\/policy.my-gate.eu\\\/pt-pt\\\/?s={search_term_string}\"},\"query-input\":{\"@type\":\"PropertyValueSpecification\",\"valueRequired\":true,\"valueName\":\"search_term_string\"}}],\"inLanguage\":\"pt-PT\"}]}<\/script>\n<!-- \/ Yoast SEO plugin. -->","yoast_head_json":{"title":"Pol\u00edtica de Privacidade - My Gate - Privacy Policy","robots":{"index":"noindex","follow":"nofollow"},"og_locale":"pt_PT","og_type":"article","og_title":"Pol\u00edtica de Privacidade - My Gate - Privacy Policy","og_description":"Informa\u00e7\u00e3o sobre o tratamento de dados pessoais de acordo com a arte. 13 do Regulamento (UE) 2016\/679 (&#8220;RGPD&#8221;) Controlador de dados Amilon S.R.L. Via Natale Battaglia \u2013 12, Mil\u00e3o (MI), n\u00famero de telefone +39 02 365 596 50, privacy@amilon.it (&#8220;Empresa&#8221;). Oficial de Prote\u00e7\u00e3o de Dados (dpo) dpo-ext@amilon.it Fim do tratamento Base jur\u00eddica do tratamento Per\u00edodo... Ler mais &raquo;","og_url":"https:\/\/policy.my-gate.eu\/pt-pt\/politica-de-privacidade\/","og_site_name":"My Gate - Privacy Policy","article_modified_time":"2022-03-10T16:43:25+00:00","twitter_card":"summary_large_image","twitter_misc":{"Tempo estimado de leitura":"3 minutos"},"schema":{"@context":"https:\/\/schema.org","@graph":[{"@type":"WebPage","@id":"https:\/\/policy.my-gate.eu\/pt-pt\/politica-de-privacidade\/","url":"https:\/\/policy.my-gate.eu\/pt-pt\/politica-de-privacidade\/","name":"Pol\u00edtica de Privacidade - My Gate - Privacy Policy","isPartOf":{"@id":"https:\/\/policy.my-gate.eu\/pt-pt\/#website"},"datePublished":"2021-01-12T09:27:30+00:00","dateModified":"2022-03-10T16:43:25+00:00","breadcrumb":{"@id":"https:\/\/policy.my-gate.eu\/pt-pt\/politica-de-privacidade\/#breadcrumb"},"inLanguage":"pt-PT","potentialAction":[{"@type":"ReadAction","target":["https:\/\/policy.my-gate.eu\/pt-pt\/politica-de-privacidade\/"]}]},{"@type":"BreadcrumbList","@id":"https:\/\/policy.my-gate.eu\/pt-pt\/politica-de-privacidade\/#breadcrumb","itemListElement":[{"@type":"ListItem","position":1,"name":"Home","item":"https:\/\/policy.my-gate.eu\/pt-pt\/"},{"@type":"ListItem","position":2,"name":"Pol\u00edtica de Privacidade"}]},{"@type":"WebSite","@id":"https:\/\/policy.my-gate.eu\/pt-pt\/#website","url":"https:\/\/policy.my-gate.eu\/pt-pt\/","name":"My Gate - Privacy Policy","description":"","potentialAction":[{"@type":"SearchAction","target":{"@type":"EntryPoint","urlTemplate":"https:\/\/policy.my-gate.eu\/pt-pt\/?s={search_term_string}"},"query-input":{"@type":"PropertyValueSpecification","valueRequired":true,"valueName":"search_term_string"}}],"inLanguage":"pt-PT"}]}},"_links":{"self":[{"href":"https:\/\/policy.my-gate.eu\/pt-pt\/wp-json\/wp\/v2\/pages\/305","targetHints":{"allow":["GET"]}}],"collection":[{"href":"https:\/\/policy.my-gate.eu\/pt-pt\/wp-json\/wp\/v2\/pages"}],"about":[{"href":"https:\/\/policy.my-gate.eu\/pt-pt\/wp-json\/wp\/v2\/types\/page"}],"author":[{"embeddable":true,"href":"https:\/\/policy.my-gate.eu\/pt-pt\/wp-json\/wp\/v2\/users\/1"}],"replies":[{"embeddable":true,"href":"https:\/\/policy.my-gate.eu\/pt-pt\/wp-json\/wp\/v2\/comments?post=305"}],"version-history":[{"count":1,"href":"https:\/\/policy.my-gate.eu\/pt-pt\/wp-json\/wp\/v2\/pages\/305\/revisions"}],"predecessor-version":[{"id":308,"href":"https:\/\/policy.my-gate.eu\/pt-pt\/wp-json\/wp\/v2\/pages\/305\/revisions\/308"}],"wp:attachment":[{"href":"https:\/\/policy.my-gate.eu\/pt-pt\/wp-json\/wp\/v2\/media?parent=305"}],"curies":[{"name":"wp","href":"https:\/\/api.w.org\/{rel}","templated":true}]}}