{"id":313,"date":"2021-01-12T09:27:30","date_gmt":"2021-01-12T09:27:30","guid":{"rendered":"https:\/\/stg.policy.my-gate.eu\/polityka-prywatnosci\/"},"modified":"2022-03-10T16:43:25","modified_gmt":"2022-03-10T16:43:25","slug":"polityka-prywatnosci","status":"publish","type":"page","link":"https:\/\/policy.my-gate.eu\/pl\/polityka-prywatnosci\/","title":{"rendered":"Polityka prywatno\u015bci"},"content":{"rendered":"<section class=\"page-section policy-privacy\">\n<div class=\"column\">\n<h2 class=\"page-section__title\">Informacja o przetwarzaniu danych osobowych <br \/>na podstawie art. 13 rozporz\u0105dzenia (UE) 2016\/679 (\u201eRODO\u201d)<\/h2>\n<h2 class=\"page-section__title\"> Posiadacz leczenia<\/h2>\n<p class=\"page-section__paragraph\"><strong>Amilon Srl<\/strong> Via Natale Battaglia &#8211; 12, Mediolan (MI), numer telefonu +39 02 365 596 50, <a class=\"linkText\" href=\"mailto:privacy@amilon.it\">privacy@amilon.it<\/a> ( <strong>&#8222;Firma&#8221;<\/strong> ).<\/p>\n<h2 class=\"page-section__title\">Inspektor ochrony danych (IOD)<\/h2>\n<p class=\"page-section__paragraph\"><a class=\"linkText\" href=\"mailto:dpo-ext@amilon.it\">dpo-ext@amilon.it<\/a><\/p>\n<div class=\"responsive-table-wrapper\">\n<table class=\"responsive-table\">\n<tbody>\n<tr>\n<th valign=\"top\"> Cel, pow\u00f3d <br \/> leczenia <\/th>\n<th valign=\"top\"> Podstawa prawna <br \/> leczenia <\/th>\n<th valign=\"top\"> Okres przechowywania <br \/> troch\u0119 danych <\/th>\n<\/tr>\n<tr>\n<td valign=\"top\"> Umo\u017cliwiaj\u0105 rejestracj\u0119 i korzystanie z us\u0142ug \u015bwiadczonych przez Sp\u00f3\u0142k\u0119. <\/td>\n<td valign=\"top\"> Wykonanie umowy, kt\u00f3rej jeste\u015b stron\u0105. <\/td>\n<td valign=\"top\" rowspan=\"3\"> Okres obowi\u0105zywania umowy, a po rozwi\u0105zaniu \u2013 zwyk\u0142y okres przedawnienia wynosz\u0105cy 10 lat.<br \/>\n\t\t\t\t\t\t\t\t<br \/>W przypadku sporu s\u0105dowego, przez ca\u0142y czas jego trwania, a\u017c do up\u0142ywu termin\u00f3w wykonalno\u015bci odwo\u0142a\u0144.\n\t\t\t\t\t\t\t <\/td>\n<\/tr>\n<tr>\n<td valign=\"top\"> Wype\u0142nia\u0107 obowi\u0105zki wynikaj\u0105ce z przepis\u00f3w oraz obowi\u0105zuj\u0105cych przepis\u00f3w krajowych i ponadnarodowych. <\/td>\n<td valign=\"top\"> Konieczno\u015b\u0107 wype\u0142nienia zobowi\u0105za\u0144 prawnych <\/td>\n<\/tr>\n<tr>\n<td valign=\"top\"> W razie potrzeby w celu ustalenia, wykonania lub obrony praw Administratora danych w s\u0105dzie <\/td>\n<td valign=\"top\"> Uzasadniony interes <\/td>\n<\/tr>\n<tr>\n<td valign=\"top\" colspan=\"3\">\n<hr class=\"inner-separator\">Po up\u0142ywie wskazanych powy\u017cej warunk\u00f3w przechowywania Dane zostan\u0105 zniszczone, usuni\u0119te lub zanonimizowane, zgodnie z technicznymi procedurami anulowania i tworzenia kopii zapasowych.<\/td>\n<\/tr>\n<\/tbody>\n<\/table><\/div>\n<h3>Obowi\u0105zek podania danych<\/h3>\n<p class=\"page-section__paragraph\">\n Podanie danych jest obowi\u0105zkowe do zawarcia i kontynuacji umowy; odmowa podania ww. danych nie pozwala zatem na korzystanie z us\u0142ug.\n\t\t\t<\/p>\n<h3>\n Odbiorcy danych<br \/>\n\t\t\t<\/h3>\n<p class=\"page-section__paragraph\">\n Dane mog\u0105 by\u0107 przetwarzane przez podmioty zewn\u0119trzne dzia\u0142aj\u0105ce jako <strong>w\u0142a\u015bciciele<\/strong> , takie jak np. organy i organy nadzorcze i kontrolne oraz og\u00f3lnie podmioty publiczne lub prywatne, uprawnione do \u017c\u0105dania danych, a tak\u017ce, za uprzedni\u0105 zgod\u0105, do os\u00f3b trzecich partnerzy stron nale\u017c\u0105cy do kategorii wskazanych powy\u017cej. <br \/>\n Dane mog\u0105 by\u0107 r\u00f3wnie\u017c przetwarzane w imieniu Sp\u00f3\u0142ki przez podmioty zewn\u0119trzne wyznaczone jako <strong>mened\u017cerowie<\/strong> , kt\u00f3rym wydane zostan\u0105 odpowiednie instrukcje operacyjne. Przedmioty te s\u0105 zasadniczo zaliczane do nast\u0119puj\u0105cych kategorii:\n\t\t\t<\/p>\n<ol class=\"lower-alpha-list\">\n<li>firmy oferuj\u0105ce us\u0142ugi wysy\u0142ania e-maili; <\/li>\n<li>firmy oferuj\u0105ce us\u0142ugi utrzymania stron internetowych;<\/li>\n<li>firmy oferuj\u0105ce us\u0142ugi administracyjne i obs\u0142ugi klienta.<\/li>\n<\/ol>\n<h3>Podmioty upowa\u017cnione do przetwarzania<\/h3>\n<p class=\"page-section__paragraph\">Dane mog\u0105 by\u0107 przetwarzane przez pracownik\u00f3w funkcji korporacyjnych odpowiedzialnych za realizacj\u0119 ww. cel\u00f3w, kt\u00f3rzy zostali wyra\u017anie upowa\u017cnieni do przetwarzania i otrzymali odpowiedni\u0105 instrukcj\u0119 obs\u0142ugi.<\/p>\n<h3>Prawa zainteresowanego \u2013 skarga do organu nadzorczego<\/h3>\n<p class=\"page-section__paragraph\">Kontaktuj\u0105c si\u0119 ze Sp\u00f3\u0142k\u0105 pod adresem e-mail <a href=\"mailto:privacy@amilon.it\" class=\"linkText\">privacy@amilon.it<\/a> , zainteresowane strony mog\u0105 poprosi\u0107 w\u0142a\u015bciciela o dost\u0119p do danych ich dotycz\u0105cych, ich usuni\u0119cie, sprostowanie niedok\u0142adnych danych, integracj\u0119 niekompletnych danych, ograniczenie leczenia w przypadkach przewidzianych przez Sztuka. 18 RODO, a tak\u017ce sprzeciwu wobec przetwarzania z przyczyn zwi\u0105zanych ze szczeg\u00f3ln\u0105 sytuacj\u0105 w za\u0142o\u017ceniu prawnie uzasadnionego interesu w\u0142a\u015bciciela.<\/p>\n<p class=\"page-section__paragraph\">Ponadto w przypadku, gdy przetwarzanie odbywa si\u0119 na podstawie zgody lub umowy i odbywa si\u0119 za pomoc\u0105 zautomatyzowanych narz\u0119dzi, zainteresowanym przys\u0142uguje prawo do otrzymania danych w ustrukturyzowanym formacie, powszechnie u\u017cywanym i mo\u017cliwym do odczytania przez urz\u0105dzenie automatyczne, a tak\u017ce , je\u017celi jest to technicznie wykonalne, przekaza\u0107 je innemu posiadaczowi bez przeszk\u00f3d.<\/p>\n<p class=\"page-section__paragraph\">Zainteresowane strony maj\u0105 prawo z\u0142o\u017cy\u0107 skarg\u0119 do w\u0142a\u015bciwego organu nadzorczego w pa\u0144stwie cz\u0142onkowskim, w kt\u00f3rym zwykle zamieszkuj\u0105 lub pracuj\u0105, lub w pa\u0144stwie, w kt\u00f3rym mia\u0142o miejsce domniemane naruszenie.<\/p>\n<\/p><\/div>\n<\/section>\n","protected":false},"excerpt":{"rendered":"<p>Informacja o przetwarzaniu danych osobowych na podstawie art. 13 rozporz\u0105dzenia (UE) 2016\/679 (\u201eRODO\u201d) Posiadacz leczenia Amilon Srl Via Natale Battaglia &#8211; 12, Mediolan (MI), numer telefonu +39 02 365 596 50, privacy@amilon.it ( &#8222;Firma&#8221; ). Inspektor ochrony danych (IOD) dpo-ext@amilon.it Cel, pow\u00f3d leczenia Podstawa prawna leczenia Okres przechowywania troch\u0119 danych Umo\u017cliwiaj\u0105 rejestracj\u0119 i korzystanie z<a class=\"excerpt-read-more\" href=\"https:\/\/policy.my-gate.eu\/pl\/polityka-prywatnosci\/\" title=\"ReadPolityka prywatno\u015bci\">&#8230; Read more &raquo;<\/a><\/p>\n","protected":false},"author":1,"featured_media":0,"parent":0,"menu_order":0,"comment_status":"closed","ping_status":"closed","template":"template-full-width.php","meta":{"footnotes":""},"class_list":["post-313","page","type-page","status-publish","hentry"],"yoast_head":"<!-- This site is optimized with the Yoast SEO plugin v27.5 - https:\/\/yoast.com\/product\/yoast-seo-wordpress\/ -->\n<title>Polityka prywatno\u015bci - My Gate - Privacy Policy<\/title>\n<meta name=\"robots\" content=\"noindex, nofollow\" \/>\n<meta property=\"og:locale\" content=\"pl_PL\" \/>\n<meta property=\"og:type\" content=\"article\" \/>\n<meta property=\"og:title\" content=\"Polityka prywatno\u015bci - My Gate - Privacy Policy\" \/>\n<meta property=\"og:description\" content=\"Informacja o przetwarzaniu danych osobowych na podstawie art. 13 rozporz\u0105dzenia (UE) 2016\/679 (\u201eRODO\u201d) Posiadacz leczenia Amilon Srl Via Natale Battaglia &#8211; 12, Mediolan (MI), numer telefonu +39 02 365 596 50, privacy@amilon.it ( &#8222;Firma&#8221; ). Inspektor ochrony danych (IOD) dpo-ext@amilon.it Cel, pow\u00f3d leczenia Podstawa prawna leczenia Okres przechowywania troch\u0119 danych Umo\u017cliwiaj\u0105 rejestracj\u0119 i korzystanie z... Read more &raquo;\" \/>\n<meta property=\"og:url\" content=\"https:\/\/policy.my-gate.eu\/pl\/polityka-prywatnosci\/\" \/>\n<meta property=\"og:site_name\" content=\"My Gate - Privacy Policy\" \/>\n<meta property=\"article:modified_time\" content=\"2022-03-10T16:43:25+00:00\" \/>\n<meta name=\"twitter:card\" content=\"summary_large_image\" \/>\n<meta name=\"twitter:label1\" content=\"Szacowany czas czytania\" \/>\n\t<meta name=\"twitter:data1\" content=\"3 minuty\" \/>\n<script type=\"application\/ld+json\" class=\"yoast-schema-graph\">{\"@context\":\"https:\\\/\\\/schema.org\",\"@graph\":[{\"@type\":\"WebPage\",\"@id\":\"https:\\\/\\\/policy.my-gate.eu\\\/pl\\\/polityka-prywatnosci\\\/\",\"url\":\"https:\\\/\\\/policy.my-gate.eu\\\/pl\\\/polityka-prywatnosci\\\/\",\"name\":\"Polityka prywatno\u015bci - My Gate - Privacy Policy\",\"isPartOf\":{\"@id\":\"https:\\\/\\\/policy.my-gate.eu\\\/pl\\\/#website\"},\"datePublished\":\"2021-01-12T09:27:30+00:00\",\"dateModified\":\"2022-03-10T16:43:25+00:00\",\"breadcrumb\":{\"@id\":\"https:\\\/\\\/policy.my-gate.eu\\\/pl\\\/polityka-prywatnosci\\\/#breadcrumb\"},\"inLanguage\":\"pl-PL\",\"potentialAction\":[{\"@type\":\"ReadAction\",\"target\":[\"https:\\\/\\\/policy.my-gate.eu\\\/pl\\\/polityka-prywatnosci\\\/\"]}]},{\"@type\":\"BreadcrumbList\",\"@id\":\"https:\\\/\\\/policy.my-gate.eu\\\/pl\\\/polityka-prywatnosci\\\/#breadcrumb\",\"itemListElement\":[{\"@type\":\"ListItem\",\"position\":1,\"name\":\"Home\",\"item\":\"https:\\\/\\\/policy.my-gate.eu\\\/pl\\\/\"},{\"@type\":\"ListItem\",\"position\":2,\"name\":\"Polityka prywatno\u015bci\"}]},{\"@type\":\"WebSite\",\"@id\":\"https:\\\/\\\/policy.my-gate.eu\\\/pl\\\/#website\",\"url\":\"https:\\\/\\\/policy.my-gate.eu\\\/pl\\\/\",\"name\":\"My Gate - Privacy Policy\",\"description\":\"\",\"potentialAction\":[{\"@type\":\"SearchAction\",\"target\":{\"@type\":\"EntryPoint\",\"urlTemplate\":\"https:\\\/\\\/policy.my-gate.eu\\\/pl\\\/?s={search_term_string}\"},\"query-input\":{\"@type\":\"PropertyValueSpecification\",\"valueRequired\":true,\"valueName\":\"search_term_string\"}}],\"inLanguage\":\"pl-PL\"}]}<\/script>\n<!-- \/ Yoast SEO plugin. -->","yoast_head_json":{"title":"Polityka prywatno\u015bci - My Gate - Privacy Policy","robots":{"index":"noindex","follow":"nofollow"},"og_locale":"pl_PL","og_type":"article","og_title":"Polityka prywatno\u015bci - My Gate - Privacy Policy","og_description":"Informacja o przetwarzaniu danych osobowych na podstawie art. 13 rozporz\u0105dzenia (UE) 2016\/679 (\u201eRODO\u201d) Posiadacz leczenia Amilon Srl Via Natale Battaglia &#8211; 12, Mediolan (MI), numer telefonu +39 02 365 596 50, privacy@amilon.it ( &#8222;Firma&#8221; ). Inspektor ochrony danych (IOD) dpo-ext@amilon.it Cel, pow\u00f3d leczenia Podstawa prawna leczenia Okres przechowywania troch\u0119 danych Umo\u017cliwiaj\u0105 rejestracj\u0119 i korzystanie z... Read more &raquo;","og_url":"https:\/\/policy.my-gate.eu\/pl\/polityka-prywatnosci\/","og_site_name":"My Gate - Privacy Policy","article_modified_time":"2022-03-10T16:43:25+00:00","twitter_card":"summary_large_image","twitter_misc":{"Szacowany czas czytania":"3 minuty"},"schema":{"@context":"https:\/\/schema.org","@graph":[{"@type":"WebPage","@id":"https:\/\/policy.my-gate.eu\/pl\/polityka-prywatnosci\/","url":"https:\/\/policy.my-gate.eu\/pl\/polityka-prywatnosci\/","name":"Polityka prywatno\u015bci - My Gate - Privacy Policy","isPartOf":{"@id":"https:\/\/policy.my-gate.eu\/pl\/#website"},"datePublished":"2021-01-12T09:27:30+00:00","dateModified":"2022-03-10T16:43:25+00:00","breadcrumb":{"@id":"https:\/\/policy.my-gate.eu\/pl\/polityka-prywatnosci\/#breadcrumb"},"inLanguage":"pl-PL","potentialAction":[{"@type":"ReadAction","target":["https:\/\/policy.my-gate.eu\/pl\/polityka-prywatnosci\/"]}]},{"@type":"BreadcrumbList","@id":"https:\/\/policy.my-gate.eu\/pl\/polityka-prywatnosci\/#breadcrumb","itemListElement":[{"@type":"ListItem","position":1,"name":"Home","item":"https:\/\/policy.my-gate.eu\/pl\/"},{"@type":"ListItem","position":2,"name":"Polityka prywatno\u015bci"}]},{"@type":"WebSite","@id":"https:\/\/policy.my-gate.eu\/pl\/#website","url":"https:\/\/policy.my-gate.eu\/pl\/","name":"My Gate - Privacy Policy","description":"","potentialAction":[{"@type":"SearchAction","target":{"@type":"EntryPoint","urlTemplate":"https:\/\/policy.my-gate.eu\/pl\/?s={search_term_string}"},"query-input":{"@type":"PropertyValueSpecification","valueRequired":true,"valueName":"search_term_string"}}],"inLanguage":"pl-PL"}]}},"_links":{"self":[{"href":"https:\/\/policy.my-gate.eu\/pl\/wp-json\/wp\/v2\/pages\/313","targetHints":{"allow":["GET"]}}],"collection":[{"href":"https:\/\/policy.my-gate.eu\/pl\/wp-json\/wp\/v2\/pages"}],"about":[{"href":"https:\/\/policy.my-gate.eu\/pl\/wp-json\/wp\/v2\/types\/page"}],"author":[{"embeddable":true,"href":"https:\/\/policy.my-gate.eu\/pl\/wp-json\/wp\/v2\/users\/1"}],"replies":[{"embeddable":true,"href":"https:\/\/policy.my-gate.eu\/pl\/wp-json\/wp\/v2\/comments?post=313"}],"version-history":[{"count":1,"href":"https:\/\/policy.my-gate.eu\/pl\/wp-json\/wp\/v2\/pages\/313\/revisions"}],"predecessor-version":[{"id":316,"href":"https:\/\/policy.my-gate.eu\/pl\/wp-json\/wp\/v2\/pages\/313\/revisions\/316"}],"wp:attachment":[{"href":"https:\/\/policy.my-gate.eu\/pl\/wp-json\/wp\/v2\/media?parent=313"}],"curies":[{"name":"wp","href":"https:\/\/api.w.org\/{rel}","templated":true}]}}