{"id":325,"date":"2021-01-12T09:27:30","date_gmt":"2021-01-12T09:27:30","guid":{"rendered":"https:\/\/stg.policy.my-gate.eu\/personvernerklaering\/"},"modified":"2022-03-10T16:43:28","modified_gmt":"2022-03-10T16:43:28","slug":"personvernerklaering","status":"publish","type":"page","link":"https:\/\/policy.my-gate.eu\/no\/personvernerklaering\/","title":{"rendered":"Personvernerkl\u00e6ring"},"content":{"rendered":"<section class=\"page-section policy-privacy\">\n<div class=\"column\">\n<h2 class=\"page-section__title\">Informasjon om behandling av personopplysninger <br \/>i henhold til art. 13 i forordning (eu) 2016\/679 (&laquo;gdpr&raquo;)<\/h2>\n<h2 class=\"page-section__title\"> Innehaver av behandlingen<\/h2>\n<p class=\"page-section__paragraph\"><strong>Amilon Srl<\/strong> Via Natale Battaglia &#8211; 12, Milan (MI), telefonnummer +39 02 365 596 50, <a class=\"linkText\" href=\"mailto:privacy@amilon.it\">privacy@amilon.it<\/a> ( <strong>&laquo;Selskap&raquo;<\/strong> ).<\/p>\n<h2 class=\"page-section__title\">Databeskyttelsesansvarlig (dpo)<\/h2>\n<p class=\"page-section__paragraph\"><a class=\"linkText\" href=\"mailto:dpo-ext@amilon.it\">dpo-ext@amilon.it<\/a><\/p>\n<div class=\"responsive-table-wrapper\">\n<table class=\"responsive-table\">\n<tbody>\n<tr>\n<th valign=\"top\"> Hensikt <br \/> av behandlingen <\/th>\n<th valign=\"top\"> Lovlig basis <br \/> av behandlingen <\/th>\n<th valign=\"top\"> Oppbevaringsperiode <br \/> noen data <\/th>\n<\/tr>\n<tr>\n<td valign=\"top\"> Tillat registrering og bruk av tjenestene som tilbys av selskapet. <\/td>\n<td valign=\"top\"> Gjennomf\u00f8ring av en kontrakt du er part i. <\/td>\n<td valign=\"top\" rowspan=\"3\"> Kontraktsfestet varighet og, etter oppsigelse, for ordin\u00e6r foreldelsestid p\u00e5 10 \u00e5r.<br \/>\n\t\t\t\t\t\t\t\t<br \/>I tilfelle av en rettslig tvist, for hele varigheten av den samme, til slutten av vilk\u00e5rene for tvangskraft for ankene.\n\t\t\t\t\t\t\t <\/td>\n<\/tr>\n<tr>\n<td valign=\"top\"> Oppfylle forpliktelser fastsatt av forskrifter og gjeldende nasjonal og overnasjonal lovgivning. <\/td>\n<td valign=\"top\"> Behov for \u00e5 oppfylle juridiske forpliktelser <\/td>\n<\/tr>\n<tr>\n<td valign=\"top\"> Om n\u00f8dvendig, for \u00e5 fastsl\u00e5, ut\u00f8ve eller forsvare rettighetene til behandlingsansvarlig i retten <\/td>\n<td valign=\"top\"> Berettiget interesse <\/td>\n<\/tr>\n<tr>\n<td valign=\"top\" colspan=\"3\">\n<hr class=\"inner-separator\">N\u00e5r oppbevaringsvilk\u00e5rene angitt ovenfor har utl\u00f8pt, vil dataene bli \u00f8delagt, slettet eller gjort anonyme, i samsvar med de tekniske kansellerings- og sikkerhetskopieringsprosedyrene.<\/td>\n<\/tr>\n<\/tbody>\n<\/table><\/div>\n<h3>Dataplikt<\/h3>\n<p class=\"page-section__paragraph\">\n Levering av data er obligatorisk for inng\u00e5else og videref\u00f8ring av kontrakten; avslaget p\u00e5 \u00e5 gi de nevnte dataene tillater derfor ikke bruk av tjenestene.\n\t\t\t<\/p>\n<h3>\n Datamottakere<br \/>\n\t\t\t<\/h3>\n<p class=\"page-section__paragraph\">\n Opplysningene kan behandles av eksterne parter som opererer som <strong>eiere<\/strong> , som for eksempel tilsyns- og kontrollmyndigheter og -organer og generelt sett, offentlige eller private, som har rett til \u00e5 be om dataene, samt, med forh\u00e5ndssamtykke, til tredjepart partspartnere som tilh\u00f8rer kategoriene angitt ovenfor. <br \/>\n Dataene kan ogs\u00e5 behandles, p\u00e5 vegne av selskapet, av eksterne parter utpekt som <strong>ledere<\/strong> , som f\u00e5r tilstrekkelige driftsinstruksjoner. Disse fagene er i hovedsak inkludert i f\u00f8lgende kategorier:\n\t\t\t<\/p>\n<ol class=\"lower-alpha-list\">\n<li>selskaper som tilbyr tjenester for sending av e-post; <\/li>\n<li>selskaper som tilbyr vedlikeholdstjenester for nettsider;<\/li>\n<li>selskaper som tilbyr administrative og kundebehandlingstjenester.<\/li>\n<\/ol>\n<h3>Emner som er autorisert til \u00e5 behandle<\/h3>\n<p class=\"page-section__paragraph\">Opplysningene kan behandles av ansatte i bedriftsfunksjonene som er ansvarlige for \u00e5 forf\u00f8lge de nevnte form\u00e5lene, som er uttrykkelig autorisert for behandling og som har mottatt tilstrekkelige driftsinstruksjoner.<\/p>\n<h3>Interessentens rettigheter &#8211; klage til tilsynsmyndigheten<\/h3>\n<p class=\"page-section__paragraph\">Ved \u00e5 kontakte selskapet via e-post p\u00e5 <a href=\"mailto:privacy@amilon.it\" class=\"linkText\">privacy@amilon.it<\/a> , kan interesserte parter be eieren om \u00e5 f\u00e5 tilgang til data om dem, deres kansellering, retting av un\u00f8yaktige data, integrering av ufullstendige data, begrensning av behandlingen i tilfellene forutsett av kunsten. 18 GDPR, samt motstand mot behandlingen, av grunner knyttet til ens spesielle situasjon, i hypotesen om legitim interesse for eieren.<\/p>\n<p class=\"page-section__paragraph\">Videre, i tilfelle behandlingen er basert p\u00e5 samtykke eller p\u00e5 kontrakten og utf\u00f8res med automatiserte verkt\u00f8y, har interessentene rett til \u00e5 motta dataene i et strukturert format, vanlig brukt og lesbart av automatisk enhet, samt , hvis det er teknisk mulig, \u00e5 overf\u00f8re dem til en annen holder uten hindringer.<\/p>\n<p class=\"page-section__paragraph\">Interesserte parter har rett til \u00e5 sende inn en klage til den kompetente tilsynsmyndigheten i medlemsstaten der de vanligvis bor eller arbeider eller i staten der den p\u00e5st\u00e5tte overtredelsen har skjedd.<\/p>\n<\/p><\/div>\n<\/section>\n","protected":false},"excerpt":{"rendered":"<p>Informasjon om behandling av personopplysninger i henhold til art. 13 i forordning (eu) 2016\/679 (&laquo;gdpr&raquo;) Innehaver av behandlingen Amilon Srl Via Natale Battaglia &#8211; 12, Milan (MI), telefonnummer +39 02 365 596 50, privacy@amilon.it ( &laquo;Selskap&raquo; ). Databeskyttelsesansvarlig (dpo) dpo-ext@amilon.it Hensikt av behandlingen Lovlig basis av behandlingen Oppbevaringsperiode noen data Tillat registrering og bruk av<a class=\"excerpt-read-more\" href=\"https:\/\/policy.my-gate.eu\/no\/personvernerklaering\/\" title=\"ReadPersonvernerkl\u00e6ring\">&#8230; Read more &raquo;<\/a><\/p>\n","protected":false},"author":1,"featured_media":0,"parent":0,"menu_order":0,"comment_status":"closed","ping_status":"closed","template":"template-full-width.php","meta":{"footnotes":""},"class_list":["post-325","page","type-page","status-publish","hentry"],"yoast_head":"<!-- This site is optimized with the Yoast SEO plugin v27.5 - https:\/\/yoast.com\/product\/yoast-seo-wordpress\/ -->\n<title>Personvernerkl\u00e6ring - My Gate - Privacy Policy<\/title>\n<meta name=\"robots\" content=\"noindex, nofollow\" \/>\n<meta property=\"og:locale\" content=\"nb_NO\" \/>\n<meta property=\"og:type\" content=\"article\" \/>\n<meta property=\"og:title\" content=\"Personvernerkl\u00e6ring - My Gate - Privacy Policy\" \/>\n<meta property=\"og:description\" content=\"Informasjon om behandling av personopplysninger i henhold til art. 13 i forordning (eu) 2016\/679 (&laquo;gdpr&raquo;) Innehaver av behandlingen Amilon Srl Via Natale Battaglia &#8211; 12, Milan (MI), telefonnummer +39 02 365 596 50, privacy@amilon.it ( &laquo;Selskap&raquo; ). Databeskyttelsesansvarlig (dpo) dpo-ext@amilon.it Hensikt av behandlingen Lovlig basis av behandlingen Oppbevaringsperiode noen data Tillat registrering og bruk av... Read more &raquo;\" \/>\n<meta property=\"og:url\" content=\"https:\/\/policy.my-gate.eu\/no\/personvernerklaering\/\" \/>\n<meta property=\"og:site_name\" content=\"My Gate - Privacy Policy\" \/>\n<meta property=\"article:modified_time\" content=\"2022-03-10T16:43:28+00:00\" \/>\n<meta name=\"twitter:card\" content=\"summary_large_image\" \/>\n<meta name=\"twitter:label1\" content=\"Ansl. lesetid\" \/>\n\t<meta name=\"twitter:data1\" content=\"2 minutter\" \/>\n<script type=\"application\/ld+json\" class=\"yoast-schema-graph\">{\"@context\":\"https:\\\/\\\/schema.org\",\"@graph\":[{\"@type\":\"WebPage\",\"@id\":\"https:\\\/\\\/policy.my-gate.eu\\\/no\\\/personvernerklaering\\\/\",\"url\":\"https:\\\/\\\/policy.my-gate.eu\\\/no\\\/personvernerklaering\\\/\",\"name\":\"Personvernerkl\u00e6ring - My Gate - Privacy Policy\",\"isPartOf\":{\"@id\":\"https:\\\/\\\/policy.my-gate.eu\\\/no\\\/#website\"},\"datePublished\":\"2021-01-12T09:27:30+00:00\",\"dateModified\":\"2022-03-10T16:43:28+00:00\",\"breadcrumb\":{\"@id\":\"https:\\\/\\\/policy.my-gate.eu\\\/no\\\/personvernerklaering\\\/#breadcrumb\"},\"inLanguage\":\"nb-NO\",\"potentialAction\":[{\"@type\":\"ReadAction\",\"target\":[\"https:\\\/\\\/policy.my-gate.eu\\\/no\\\/personvernerklaering\\\/\"]}]},{\"@type\":\"BreadcrumbList\",\"@id\":\"https:\\\/\\\/policy.my-gate.eu\\\/no\\\/personvernerklaering\\\/#breadcrumb\",\"itemListElement\":[{\"@type\":\"ListItem\",\"position\":1,\"name\":\"Home\",\"item\":\"https:\\\/\\\/policy.my-gate.eu\\\/no\\\/\"},{\"@type\":\"ListItem\",\"position\":2,\"name\":\"Personvernerkl\u00e6ring\"}]},{\"@type\":\"WebSite\",\"@id\":\"https:\\\/\\\/policy.my-gate.eu\\\/no\\\/#website\",\"url\":\"https:\\\/\\\/policy.my-gate.eu\\\/no\\\/\",\"name\":\"My Gate - Privacy Policy\",\"description\":\"\",\"potentialAction\":[{\"@type\":\"SearchAction\",\"target\":{\"@type\":\"EntryPoint\",\"urlTemplate\":\"https:\\\/\\\/policy.my-gate.eu\\\/no\\\/?s={search_term_string}\"},\"query-input\":{\"@type\":\"PropertyValueSpecification\",\"valueRequired\":true,\"valueName\":\"search_term_string\"}}],\"inLanguage\":\"nb-NO\"}]}<\/script>\n<!-- \/ Yoast SEO plugin. -->","yoast_head_json":{"title":"Personvernerkl\u00e6ring - My Gate - Privacy Policy","robots":{"index":"noindex","follow":"nofollow"},"og_locale":"nb_NO","og_type":"article","og_title":"Personvernerkl\u00e6ring - My Gate - Privacy Policy","og_description":"Informasjon om behandling av personopplysninger i henhold til art. 13 i forordning (eu) 2016\/679 (&laquo;gdpr&raquo;) Innehaver av behandlingen Amilon Srl Via Natale Battaglia &#8211; 12, Milan (MI), telefonnummer +39 02 365 596 50, privacy@amilon.it ( &laquo;Selskap&raquo; ). Databeskyttelsesansvarlig (dpo) dpo-ext@amilon.it Hensikt av behandlingen Lovlig basis av behandlingen Oppbevaringsperiode noen data Tillat registrering og bruk av... Read more &raquo;","og_url":"https:\/\/policy.my-gate.eu\/no\/personvernerklaering\/","og_site_name":"My Gate - Privacy Policy","article_modified_time":"2022-03-10T16:43:28+00:00","twitter_card":"summary_large_image","twitter_misc":{"Ansl. lesetid":"2 minutter"},"schema":{"@context":"https:\/\/schema.org","@graph":[{"@type":"WebPage","@id":"https:\/\/policy.my-gate.eu\/no\/personvernerklaering\/","url":"https:\/\/policy.my-gate.eu\/no\/personvernerklaering\/","name":"Personvernerkl\u00e6ring - My Gate - Privacy Policy","isPartOf":{"@id":"https:\/\/policy.my-gate.eu\/no\/#website"},"datePublished":"2021-01-12T09:27:30+00:00","dateModified":"2022-03-10T16:43:28+00:00","breadcrumb":{"@id":"https:\/\/policy.my-gate.eu\/no\/personvernerklaering\/#breadcrumb"},"inLanguage":"nb-NO","potentialAction":[{"@type":"ReadAction","target":["https:\/\/policy.my-gate.eu\/no\/personvernerklaering\/"]}]},{"@type":"BreadcrumbList","@id":"https:\/\/policy.my-gate.eu\/no\/personvernerklaering\/#breadcrumb","itemListElement":[{"@type":"ListItem","position":1,"name":"Home","item":"https:\/\/policy.my-gate.eu\/no\/"},{"@type":"ListItem","position":2,"name":"Personvernerkl\u00e6ring"}]},{"@type":"WebSite","@id":"https:\/\/policy.my-gate.eu\/no\/#website","url":"https:\/\/policy.my-gate.eu\/no\/","name":"My Gate - Privacy Policy","description":"","potentialAction":[{"@type":"SearchAction","target":{"@type":"EntryPoint","urlTemplate":"https:\/\/policy.my-gate.eu\/no\/?s={search_term_string}"},"query-input":{"@type":"PropertyValueSpecification","valueRequired":true,"valueName":"search_term_string"}}],"inLanguage":"nb-NO"}]}},"_links":{"self":[{"href":"https:\/\/policy.my-gate.eu\/no\/wp-json\/wp\/v2\/pages\/325","targetHints":{"allow":["GET"]}}],"collection":[{"href":"https:\/\/policy.my-gate.eu\/no\/wp-json\/wp\/v2\/pages"}],"about":[{"href":"https:\/\/policy.my-gate.eu\/no\/wp-json\/wp\/v2\/types\/page"}],"author":[{"embeddable":true,"href":"https:\/\/policy.my-gate.eu\/no\/wp-json\/wp\/v2\/users\/1"}],"replies":[{"embeddable":true,"href":"https:\/\/policy.my-gate.eu\/no\/wp-json\/wp\/v2\/comments?post=325"}],"version-history":[{"count":1,"href":"https:\/\/policy.my-gate.eu\/no\/wp-json\/wp\/v2\/pages\/325\/revisions"}],"predecessor-version":[{"id":328,"href":"https:\/\/policy.my-gate.eu\/no\/wp-json\/wp\/v2\/pages\/325\/revisions\/328"}],"wp:attachment":[{"href":"https:\/\/policy.my-gate.eu\/no\/wp-json\/wp\/v2\/media?parent=325"}],"curies":[{"name":"wp","href":"https:\/\/api.w.org\/{rel}","templated":true}]}}