{"id":320,"date":"2021-01-12T09:27:30","date_gmt":"2021-01-12T09:27:30","guid":{"rendered":"https:\/\/stg.policy.my-gate.eu\/politique-de-confidentialite\/"},"modified":"2022-03-10T16:43:27","modified_gmt":"2022-03-10T16:43:27","slug":"politique-de-confidentialite","status":"publish","type":"page","link":"https:\/\/policy.my-gate.eu\/fr\/politique-de-confidentialite\/","title":{"rendered":"Politique de confidentialit\u00e9"},"content":{"rendered":"<section class=\"page-section policy-privacy\">\n<div class=\"column\">\n<h2 class=\"page-section__title\">Informations sur le traitement des donn\u00e9es personnelles <br \/>conform\u00e9ment \u00e0 l&rsquo;art. 13 du r\u00e8glement (ue) 2016\/679 (\u00ab\u00a0rgpd\u00a0\u00bb)<\/h2>\n<h2 class=\"page-section__title\"> Titulaire du traitement<\/h2>\n<p class=\"page-section__paragraph\"><strong>Amilon Srl<\/strong> Via Natale Battaglia &#8211; 12, Milan (MI), num\u00e9ro de t\u00e9l\u00e9phone +39 02 365 596 50, <a class=\"linkText\" href=\"mailto:privacy@amilon.it\">privacy@amilon.it<\/a> ( <strong>\u00ab\u00a0Soci\u00e9t\u00e9\u00a0\u00bb<\/strong> ).<\/p>\n<h2 class=\"page-section__title\">D\u00e9l\u00e9gu\u00e9 \u00e0 la protection des donn\u00e9es (dpo)<\/h2>\n<p class=\"page-section__paragraph\"><a class=\"linkText\" href=\"mailto:dpo-ext@amilon.it\">dpo-ext@amilon.it<\/a><\/p>\n<div class=\"responsive-table-wrapper\">\n<table class=\"responsive-table\">\n<tbody>\n<tr>\n<th valign=\"top\"> But <br \/> du traitement <\/th>\n<th valign=\"top\"> Base l\u00e9gale <br \/> du traitement <\/th>\n<th valign=\"top\"> Dur\u00e9e de conservation <br \/> quelques donn\u00e9es <\/th>\n<\/tr>\n<tr>\n<td valign=\"top\"> Autoriser l&rsquo;enregistrement et l&rsquo;utilisation des services fournis par la Soci\u00e9t\u00e9. <\/td>\n<td valign=\"top\"> Ex\u00e9cution d&rsquo;un contrat dont vous \u00eates partie. <\/td>\n<td valign=\"top\" rowspan=\"3\"> Dur\u00e9e contractuelle et, apr\u00e8s r\u00e9siliation, pour le d\u00e9lai de prescription ordinaire de 10 ans.<br \/>\n\t\t\t\t\t\t\t\t<br \/>En cas de contestation judiciaire, pendant toute la dur\u00e9e de celle-ci, jusqu&rsquo;\u00e0 la fin des d\u00e9lais d&rsquo;opposabilit\u00e9 des recours.\n\t\t\t\t\t\t\t <\/td>\n<\/tr>\n<tr>\n<td valign=\"top\"> Remplir les obligations \u00e9tablies par la r\u00e9glementation et par la l\u00e9gislation nationale et supranationale applicable. <\/td>\n<td valign=\"top\"> N\u00e9cessit\u00e9 de remplir des obligations l\u00e9gales <\/td>\n<\/tr>\n<tr>\n<td valign=\"top\"> Le cas \u00e9ch\u00e9ant, pour constater, exercer ou d\u00e9fendre les droits du responsable du traitement en justice <\/td>\n<td valign=\"top\"> Int\u00e9r\u00eat l\u00e9gitime <\/td>\n<\/tr>\n<tr>\n<td valign=\"top\" colspan=\"3\">\n<hr class=\"inner-separator\">Une fois les dur\u00e9es de conservation indiqu\u00e9es ci-dessus \u00e9coul\u00e9es, les Donn\u00e9es seront d\u00e9truites, supprim\u00e9es ou rendues anonymes, conform\u00e9ment aux proc\u00e9dures techniques d&rsquo;annulation et de sauvegarde.<\/td>\n<\/tr>\n<\/tbody>\n<\/table><\/div>\n<h3>Obligation de fournir des donn\u00e9es<\/h3>\n<p class=\"page-section__paragraph\">\n La fourniture de donn\u00e9es est obligatoire pour la conclusion et la poursuite du contrat ; le refus de fournir les donn\u00e9es susmentionn\u00e9es ne permet donc pas l&rsquo;utilisation des services.\n\t\t\t<\/p>\n<h3>\n Destinataires des donn\u00e9es<br \/>\n\t\t\t<\/h3>\n<p class=\"page-section__paragraph\">\n Les donn\u00e9es peuvent \u00eatre trait\u00e9es par des parties externes agissant en tant que <strong>propri\u00e9taires<\/strong> telles que, \u00e0 titre d&rsquo;exemple, les autorit\u00e9s et organismes de surveillance et de contr\u00f4le et, en g\u00e9n\u00e9ral, les sujets, publics ou priv\u00e9s, habilit\u00e9s \u00e0 demander les donn\u00e9es, ainsi que, avec le consentement pr\u00e9alable, \u00e0 des tiers partenaires du parti appartenant aux cat\u00e9gories indiqu\u00e9es ci-dessus. <br \/>\n Les donn\u00e9es peuvent \u00e9galement \u00eatre trait\u00e9es, pour le compte de la Soci\u00e9t\u00e9, par des parties externes d\u00e9sign\u00e9es comme <strong>responsables<\/strong> , qui re\u00e7oivent des instructions de fonctionnement ad\u00e9quates. Ces sujets sont essentiellement inclus dans les cat\u00e9gories suivantes :\n\t\t\t<\/p>\n<ol class=\"lower-alpha-list\">\n<li>les entreprises qui proposent des services d&rsquo;envoi d&rsquo;e-mails&nbsp;; <\/li>\n<li>les entreprises qui offrent des services de maintenance de sites Web&nbsp;;<\/li>\n<li>entreprises qui offrent des services administratifs et de service \u00e0 la client\u00e8le.<\/li>\n<\/ol>\n<h3>Sujets autoris\u00e9s \u00e0 traiter<\/h3>\n<p class=\"page-section__paragraph\">Les donn\u00e9es peuvent \u00eatre trait\u00e9es par des employ\u00e9s des fonctions de l&rsquo;entreprise charg\u00e9s de poursuivre les finalit\u00e9s susmentionn\u00e9es, qui ont \u00e9t\u00e9 express\u00e9ment autoris\u00e9s \u00e0 les traiter et qui ont re\u00e7u des instructions de fonctionnement ad\u00e9quates.<\/p>\n<h3>Droits de l&rsquo;int\u00e9ress\u00e9 &#8211; r\u00e9clamation aupr\u00e8s de l&rsquo;autorit\u00e9 de contr\u00f4le<\/h3>\n<p class=\"page-section__paragraph\">En contactant la Soci\u00e9t\u00e9 par e-mail \u00e0 <a href=\"mailto:privacy@amilon.it\" class=\"linkText\">privacy@amilon.it<\/a> , les parties int\u00e9ress\u00e9es peuvent demander au propri\u00e9taire d&rsquo;acc\u00e9der aux donn\u00e9es les concernant, leur annulation, la correction de donn\u00e9es inexactes, l&rsquo;int\u00e9gration de donn\u00e9es incompl\u00e8tes, la limitation du traitement dans les cas pr\u00e9vue par l&rsquo;art. 18 GDPR, ainsi que l&rsquo;opposition au traitement, pour des raisons li\u00e9es \u00e0 sa situation particuli\u00e8re, dans l&rsquo;hypoth\u00e8se d&rsquo;un int\u00e9r\u00eat l\u00e9gitime du propri\u00e9taire.<\/p>\n<p class=\"page-section__paragraph\">En outre, dans le cas o\u00f9 le traitement est fond\u00e9 sur le consentement ou sur le contrat et est effectu\u00e9 avec des outils automatis\u00e9s, les parties int\u00e9ress\u00e9es ont le droit de recevoir les donn\u00e9es dans un format structur\u00e9, couramment utilis\u00e9 et lisible par un dispositif automatique, ainsi que , si cela est techniquement possible , de les transmettre sans entraves \u00e0 un autre titulaire.<\/p>\n<p class=\"page-section__paragraph\">Les parties int\u00e9ress\u00e9es ont le droit de d\u00e9poser une plainte aupr\u00e8s de l&rsquo;autorit\u00e9 de contr\u00f4le comp\u00e9tente de l&rsquo;\u00c9tat membre dans lequel elles r\u00e9sident ou travaillent habituellement ou dans l&rsquo;\u00c9tat dans lequel l&rsquo;infraction all\u00e9gu\u00e9e s&rsquo;est produite.<\/p>\n<\/p><\/div>\n<\/section>\n","protected":false},"excerpt":{"rendered":"<p>Informations sur le traitement des donn\u00e9es personnelles conform\u00e9ment \u00e0 l&rsquo;art. 13 du r\u00e8glement (ue) 2016\/679 (\u00ab\u00a0rgpd\u00a0\u00bb) Titulaire du traitement Amilon Srl Via Natale Battaglia &#8211; 12, Milan (MI), num\u00e9ro de t\u00e9l\u00e9phone +39 02 365 596 50, privacy@amilon.it ( \u00ab\u00a0Soci\u00e9t\u00e9\u00a0\u00bb ). D\u00e9l\u00e9gu\u00e9 \u00e0 la protection des donn\u00e9es (dpo) dpo-ext@amilon.it But du traitement Base l\u00e9gale du traitement<a class=\"excerpt-read-more\" href=\"https:\/\/policy.my-gate.eu\/fr\/politique-de-confidentialite\/\" title=\"ReadPolitique de confidentialit\u00e9\">&#8230; Read more &raquo;<\/a><\/p>\n","protected":false},"author":1,"featured_media":0,"parent":0,"menu_order":0,"comment_status":"closed","ping_status":"closed","template":"template-full-width.php","meta":{"footnotes":""},"class_list":["post-320","page","type-page","status-publish","hentry"],"yoast_head":"<!-- This site is optimized with the Yoast SEO plugin v27.5 - https:\/\/yoast.com\/product\/yoast-seo-wordpress\/ -->\n<title>Politique de confidentialit\u00e9 - My Gate - Privacy Policy<\/title>\n<meta name=\"robots\" content=\"noindex, nofollow\" \/>\n<meta property=\"og:locale\" content=\"fr_FR\" \/>\n<meta property=\"og:type\" content=\"article\" \/>\n<meta property=\"og:title\" content=\"Politique de confidentialit\u00e9 - My Gate - Privacy Policy\" \/>\n<meta property=\"og:description\" content=\"Informations sur le traitement des donn\u00e9es personnelles conform\u00e9ment \u00e0 l&rsquo;art. 13 du r\u00e8glement (ue) 2016\/679 (\u00ab\u00a0rgpd\u00a0\u00bb) Titulaire du traitement Amilon Srl Via Natale Battaglia &#8211; 12, Milan (MI), num\u00e9ro de t\u00e9l\u00e9phone +39 02 365 596 50, privacy@amilon.it ( \u00ab\u00a0Soci\u00e9t\u00e9\u00a0\u00bb ). D\u00e9l\u00e9gu\u00e9 \u00e0 la protection des donn\u00e9es (dpo) dpo-ext@amilon.it But du traitement Base l\u00e9gale du traitement... Read more &raquo;\" \/>\n<meta property=\"og:url\" content=\"https:\/\/policy.my-gate.eu\/fr\/politique-de-confidentialite\/\" \/>\n<meta property=\"og:site_name\" content=\"My Gate - Privacy Policy\" \/>\n<meta property=\"article:modified_time\" content=\"2022-03-10T16:43:27+00:00\" \/>\n<meta name=\"twitter:card\" content=\"summary_large_image\" \/>\n<meta name=\"twitter:label1\" content=\"Dur\u00e9e de lecture estim\u00e9e\" \/>\n\t<meta name=\"twitter:data1\" content=\"3 minutes\" \/>\n<script type=\"application\/ld+json\" class=\"yoast-schema-graph\">{\"@context\":\"https:\\\/\\\/schema.org\",\"@graph\":[{\"@type\":\"WebPage\",\"@id\":\"https:\\\/\\\/policy.my-gate.eu\\\/fr\\\/politique-de-confidentialite\\\/\",\"url\":\"https:\\\/\\\/policy.my-gate.eu\\\/fr\\\/politique-de-confidentialite\\\/\",\"name\":\"Politique de confidentialit\u00e9 - My Gate - Privacy Policy\",\"isPartOf\":{\"@id\":\"https:\\\/\\\/policy.my-gate.eu\\\/fr\\\/#website\"},\"datePublished\":\"2021-01-12T09:27:30+00:00\",\"dateModified\":\"2022-03-10T16:43:27+00:00\",\"breadcrumb\":{\"@id\":\"https:\\\/\\\/policy.my-gate.eu\\\/fr\\\/politique-de-confidentialite\\\/#breadcrumb\"},\"inLanguage\":\"fr-FR\",\"potentialAction\":[{\"@type\":\"ReadAction\",\"target\":[\"https:\\\/\\\/policy.my-gate.eu\\\/fr\\\/politique-de-confidentialite\\\/\"]}]},{\"@type\":\"BreadcrumbList\",\"@id\":\"https:\\\/\\\/policy.my-gate.eu\\\/fr\\\/politique-de-confidentialite\\\/#breadcrumb\",\"itemListElement\":[{\"@type\":\"ListItem\",\"position\":1,\"name\":\"Home\",\"item\":\"https:\\\/\\\/policy.my-gate.eu\\\/fr\\\/\"},{\"@type\":\"ListItem\",\"position\":2,\"name\":\"Politique de confidentialit\u00e9\"}]},{\"@type\":\"WebSite\",\"@id\":\"https:\\\/\\\/policy.my-gate.eu\\\/fr\\\/#website\",\"url\":\"https:\\\/\\\/policy.my-gate.eu\\\/fr\\\/\",\"name\":\"My Gate - Privacy Policy\",\"description\":\"\",\"potentialAction\":[{\"@type\":\"SearchAction\",\"target\":{\"@type\":\"EntryPoint\",\"urlTemplate\":\"https:\\\/\\\/policy.my-gate.eu\\\/fr\\\/?s={search_term_string}\"},\"query-input\":{\"@type\":\"PropertyValueSpecification\",\"valueRequired\":true,\"valueName\":\"search_term_string\"}}],\"inLanguage\":\"fr-FR\"}]}<\/script>\n<!-- \/ Yoast SEO plugin. -->","yoast_head_json":{"title":"Politique de confidentialit\u00e9 - My Gate - Privacy Policy","robots":{"index":"noindex","follow":"nofollow"},"og_locale":"fr_FR","og_type":"article","og_title":"Politique de confidentialit\u00e9 - My Gate - Privacy Policy","og_description":"Informations sur le traitement des donn\u00e9es personnelles conform\u00e9ment \u00e0 l&rsquo;art. 13 du r\u00e8glement (ue) 2016\/679 (\u00ab\u00a0rgpd\u00a0\u00bb) Titulaire du traitement Amilon Srl Via Natale Battaglia &#8211; 12, Milan (MI), num\u00e9ro de t\u00e9l\u00e9phone +39 02 365 596 50, privacy@amilon.it ( \u00ab\u00a0Soci\u00e9t\u00e9\u00a0\u00bb ). D\u00e9l\u00e9gu\u00e9 \u00e0 la protection des donn\u00e9es (dpo) dpo-ext@amilon.it But du traitement Base l\u00e9gale du traitement... Read more &raquo;","og_url":"https:\/\/policy.my-gate.eu\/fr\/politique-de-confidentialite\/","og_site_name":"My Gate - Privacy Policy","article_modified_time":"2022-03-10T16:43:27+00:00","twitter_card":"summary_large_image","twitter_misc":{"Dur\u00e9e de lecture estim\u00e9e":"3 minutes"},"schema":{"@context":"https:\/\/schema.org","@graph":[{"@type":"WebPage","@id":"https:\/\/policy.my-gate.eu\/fr\/politique-de-confidentialite\/","url":"https:\/\/policy.my-gate.eu\/fr\/politique-de-confidentialite\/","name":"Politique de confidentialit\u00e9 - My Gate - Privacy Policy","isPartOf":{"@id":"https:\/\/policy.my-gate.eu\/fr\/#website"},"datePublished":"2021-01-12T09:27:30+00:00","dateModified":"2022-03-10T16:43:27+00:00","breadcrumb":{"@id":"https:\/\/policy.my-gate.eu\/fr\/politique-de-confidentialite\/#breadcrumb"},"inLanguage":"fr-FR","potentialAction":[{"@type":"ReadAction","target":["https:\/\/policy.my-gate.eu\/fr\/politique-de-confidentialite\/"]}]},{"@type":"BreadcrumbList","@id":"https:\/\/policy.my-gate.eu\/fr\/politique-de-confidentialite\/#breadcrumb","itemListElement":[{"@type":"ListItem","position":1,"name":"Home","item":"https:\/\/policy.my-gate.eu\/fr\/"},{"@type":"ListItem","position":2,"name":"Politique de confidentialit\u00e9"}]},{"@type":"WebSite","@id":"https:\/\/policy.my-gate.eu\/fr\/#website","url":"https:\/\/policy.my-gate.eu\/fr\/","name":"My Gate - Privacy Policy","description":"","potentialAction":[{"@type":"SearchAction","target":{"@type":"EntryPoint","urlTemplate":"https:\/\/policy.my-gate.eu\/fr\/?s={search_term_string}"},"query-input":{"@type":"PropertyValueSpecification","valueRequired":true,"valueName":"search_term_string"}}],"inLanguage":"fr-FR"}]}},"_links":{"self":[{"href":"https:\/\/policy.my-gate.eu\/fr\/wp-json\/wp\/v2\/pages\/320","targetHints":{"allow":["GET"]}}],"collection":[{"href":"https:\/\/policy.my-gate.eu\/fr\/wp-json\/wp\/v2\/pages"}],"about":[{"href":"https:\/\/policy.my-gate.eu\/fr\/wp-json\/wp\/v2\/types\/page"}],"author":[{"embeddable":true,"href":"https:\/\/policy.my-gate.eu\/fr\/wp-json\/wp\/v2\/users\/1"}],"replies":[{"embeddable":true,"href":"https:\/\/policy.my-gate.eu\/fr\/wp-json\/wp\/v2\/comments?post=320"}],"version-history":[{"count":1,"href":"https:\/\/policy.my-gate.eu\/fr\/wp-json\/wp\/v2\/pages\/320\/revisions"}],"predecessor-version":[{"id":321,"href":"https:\/\/policy.my-gate.eu\/fr\/wp-json\/wp\/v2\/pages\/320\/revisions\/321"}],"wp:attachment":[{"href":"https:\/\/policy.my-gate.eu\/fr\/wp-json\/wp\/v2\/media?parent=320"}],"curies":[{"name":"wp","href":"https:\/\/api.w.org\/{rel}","templated":true}]}}