{"id":322,"date":"2021-01-12T09:27:30","date_gmt":"2021-01-12T09:27:30","guid":{"rendered":"https:\/\/stg.policy.my-gate.eu\/politica-de-privacidad\/"},"modified":"2022-03-10T16:43:28","modified_gmt":"2022-03-10T16:43:28","slug":"politica-de-privacidad","status":"publish","type":"page","link":"https:\/\/policy.my-gate.eu\/es\/politica-de-privacidad\/","title":{"rendered":"Pol\u00edtica de privacidad"},"content":{"rendered":"<section class=\"page-section policy-privacy\">\n<div class=\"column\">\n<h2 class=\"page-section__title\">Informaci\u00f3n sobre el tratamiento de datos personales <br \/>de conformidad con el art. 13 del reglamento (ue) 2016\/679 (\u00abrgpd\u00bb)<\/h2>\n<h2 class=\"page-section__title\"> titular del tratamiento<\/h2>\n<p class=\"page-section__paragraph\"><strong>Amilon Srl<\/strong> Via Natale Battaglia &#8211; 12, Mil\u00e1n (MI), n\u00famero de tel\u00e9fono +39 02 365 596 50, <a class=\"linkText\" href=\"mailto:privacy@amilon.it\">privacy@amilon.it<\/a> ( <strong>\u00abEmpresa\u00bb<\/strong> ).<\/p>\n<h2 class=\"page-section__title\">Delegado de protecci\u00f3n de datos (dpo)<\/h2>\n<p class=\"page-section__paragraph\"><a class=\"linkText\" href=\"mailto:dpo-ext@amilon.it\">dpo-ext@amilon.it<\/a><\/p>\n<div class=\"responsive-table-wrapper\">\n<table class=\"responsive-table\">\n<tbody>\n<tr>\n<th valign=\"top\"> Prop\u00f3sito <br \/> del tratamiento <\/th>\n<th valign=\"top\"> Base legal <br \/> del tratamiento <\/th>\n<th valign=\"top\"> Periodo de retenci\u00f3n <br \/> algunos datos <\/th>\n<\/tr>\n<tr>\n<td valign=\"top\"> Permitir el registro y uso de los servicios prestados por la Empresa. <\/td>\n<td valign=\"top\"> Ejecuci\u00f3n de un contrato del que usted es parte. <\/td>\n<td valign=\"top\" rowspan=\"3\"> Duraci\u00f3n del contrato y, tras su extinci\u00f3n, por el plazo ordinario de prescripci\u00f3n de 10 a\u00f1os.<br \/>\n\t\t\t\t\t\t\t\t<br \/>En caso de controversia judicial, por todo el tiempo que dure la misma, hasta el t\u00e9rmino de los t\u00e9rminos de ejecuci\u00f3n de los recursos.\n\t\t\t\t\t\t\t <\/td>\n<\/tr>\n<tr>\n<td valign=\"top\"> Cumplir con las obligaciones establecidas por la normativa y por la legislaci\u00f3n nacional y supranacional aplicable. <\/td>\n<td valign=\"top\"> Necesidad de cumplir obligaciones legales. <\/td>\n<\/tr>\n<tr>\n<td valign=\"top\"> Si es necesario, para conocer, ejercer o defender los derechos del Controlador de datos en los tribunales <\/td>\n<td valign=\"top\"> Inter\u00e9s leg\u00edtimo <\/td>\n<\/tr>\n<tr>\n<td valign=\"top\" colspan=\"3\">\n<hr class=\"inner-separator\">Una vez transcurridos los plazos de conservaci\u00f3n indicados anteriormente, los Datos ser\u00e1n destruidos, suprimidos o anonimizados, de forma compatible con los procedimientos t\u00e9cnicos de cancelaci\u00f3n y copia de seguridad.<\/td>\n<\/tr>\n<\/tbody>\n<\/table><\/div>\n<h3>Obligaci\u00f3n de facilitar datos<\/h3>\n<p class=\"page-section__paragraph\">\n La provisi\u00f3n de datos es obligatoria para la conclusi\u00f3n y continuaci\u00f3n del contrato; la negativa a facilitar los citados datos no permite por tanto la utilizaci\u00f3n de los servicios.\n\t\t\t<\/p>\n<h3>\n Destinatarios de datos<br \/>\n\t\t\t<\/h3>\n<p class=\"page-section__paragraph\">\n Los datos podr\u00e1n ser tratados por terceros que act\u00faen como <strong>titulares<\/strong> como, a t\u00edtulo enunciativo, autoridades y organismos de supervisi\u00f3n y control y en general sujetos, p\u00fablicos o privados, legitimados para solicitar los datos, as\u00ed como, previo consentimiento, a terceros. socios del partido pertenecientes a las categor\u00edas antes indicadas. <br \/>\n Los datos tambi\u00e9n podr\u00e1n ser tratados, por cuenta de la Sociedad, por terceros designados como <strong>encargados<\/strong> , a los que se les imparten las adecuadas instrucciones de funcionamiento. Estas materias se engloban esencialmente en las siguientes categor\u00edas:\n\t\t\t<\/p>\n<ol class=\"lower-alpha-list\">\n<li>empresas que ofrecen servicios de env\u00edo de correo electr\u00f3nico; <\/li>\n<li>empresas que ofrecen servicios de mantenimiento de sitios web;<\/li>\n<li>empresas que ofrecen servicios administrativos y de atenci\u00f3n al cliente.<\/li>\n<\/ol>\n<h3>Sujetos autorizados a tramitar<\/h3>\n<p class=\"page-section__paragraph\">Los datos pueden ser tratados por empleados de las funciones corporativas responsables de perseguir los fines antes mencionados, que hayan sido expresamente autorizados para el tratamiento y que hayan recibido las instrucciones operativas adecuadas.<\/p>\n<h3>Derechos del interesado &#8211; reclamaci\u00f3n ante la autoridad de control<\/h3>\n<p class=\"page-section__paragraph\">Al contactar a la Compa\u00f1\u00eda por correo electr\u00f3nico a <a href=\"mailto:privacy@amilon.it\" class=\"linkText\">privacy@amilon.it<\/a> , los interesados pueden solicitar al propietario el acceso a los datos que les conciernen, su cancelaci\u00f3n, la correcci\u00f3n de datos inexactos, la integraci\u00f3n de datos incompletos, la limitaci\u00f3n del tratamiento en los casos prevista por el art. 18 RGPD, as\u00ed como la oposici\u00f3n al tratamiento, por motivos relacionados con su situaci\u00f3n particular, en hip\u00f3tesis de inter\u00e9s leg\u00edtimo del titular.<\/p>\n<p class=\"page-section__paragraph\">Asimismo, en el caso de que el tratamiento est\u00e9 basado en el consentimiento o en el contrato y se realice con herramientas automatizadas, los interesados tienen derecho a recibir los datos en un formato estructurado, de uso com\u00fan y legible por dispositivo autom\u00e1tico, as\u00ed como a , si es t\u00e9cnicamente factible, transmitirlos a otro titular sin impedimentos.<\/p>\n<p class=\"page-section__paragraph\">Los interesados tienen derecho a presentar una reclamaci\u00f3n ante la Autoridad de Control competente en el Estado miembro en el que residan o trabajen habitualmente o en el Estado en el que se haya producido la supuesta infracci\u00f3n.<\/p>\n<\/p><\/div>\n<\/section>\n","protected":false},"excerpt":{"rendered":"<p>Informaci\u00f3n sobre el tratamiento de datos personales de conformidad con el art. 13 del reglamento (ue) 2016\/679 (\u00abrgpd\u00bb) titular del tratamiento Amilon Srl Via Natale Battaglia &#8211; 12, Mil\u00e1n (MI), n\u00famero de tel\u00e9fono +39 02 365 596 50, privacy@amilon.it ( \u00abEmpresa\u00bb ). Delegado de protecci\u00f3n de datos (dpo) dpo-ext@amilon.it Prop\u00f3sito del tratamiento Base legal del<a class=\"excerpt-read-more\" href=\"https:\/\/policy.my-gate.eu\/es\/politica-de-privacidad\/\" title=\"ReadPol\u00edtica de privacidad\">&#8230; Read more &raquo;<\/a><\/p>\n","protected":false},"author":1,"featured_media":0,"parent":0,"menu_order":0,"comment_status":"closed","ping_status":"closed","template":"template-full-width.php","meta":{"footnotes":""},"class_list":["post-322","page","type-page","status-publish","hentry"],"yoast_head":"<!-- This site is optimized with the Yoast SEO plugin v27.5 - https:\/\/yoast.com\/product\/yoast-seo-wordpress\/ -->\n<title>Pol\u00edtica de privacidad - My Gate - Privacy Policy<\/title>\n<meta name=\"robots\" content=\"noindex, nofollow\" \/>\n<meta property=\"og:locale\" content=\"es_ES\" \/>\n<meta property=\"og:type\" content=\"article\" \/>\n<meta property=\"og:title\" content=\"Pol\u00edtica de privacidad - My Gate - Privacy Policy\" \/>\n<meta property=\"og:description\" content=\"Informaci\u00f3n sobre el tratamiento de datos personales de conformidad con el art. 13 del reglamento (ue) 2016\/679 (\u00abrgpd\u00bb) titular del tratamiento Amilon Srl Via Natale Battaglia &#8211; 12, Mil\u00e1n (MI), n\u00famero de tel\u00e9fono +39 02 365 596 50, privacy@amilon.it ( \u00abEmpresa\u00bb ). Delegado de protecci\u00f3n de datos (dpo) dpo-ext@amilon.it Prop\u00f3sito del tratamiento Base legal del... Read more &raquo;\" \/>\n<meta property=\"og:url\" content=\"https:\/\/policy.my-gate.eu\/es\/politica-de-privacidad\/\" \/>\n<meta property=\"og:site_name\" content=\"My Gate - Privacy Policy\" \/>\n<meta property=\"article:modified_time\" content=\"2022-03-10T16:43:28+00:00\" \/>\n<meta name=\"twitter:card\" content=\"summary_large_image\" \/>\n<meta name=\"twitter:label1\" content=\"Tiempo de lectura\" \/>\n\t<meta name=\"twitter:data1\" content=\"3 minutos\" \/>\n<script type=\"application\/ld+json\" class=\"yoast-schema-graph\">{\"@context\":\"https:\\\/\\\/schema.org\",\"@graph\":[{\"@type\":\"WebPage\",\"@id\":\"https:\\\/\\\/policy.my-gate.eu\\\/es\\\/politica-de-privacidad\\\/\",\"url\":\"https:\\\/\\\/policy.my-gate.eu\\\/es\\\/politica-de-privacidad\\\/\",\"name\":\"Pol\u00edtica de privacidad - My Gate - Privacy Policy\",\"isPartOf\":{\"@id\":\"https:\\\/\\\/policy.my-gate.eu\\\/es\\\/#website\"},\"datePublished\":\"2021-01-12T09:27:30+00:00\",\"dateModified\":\"2022-03-10T16:43:28+00:00\",\"breadcrumb\":{\"@id\":\"https:\\\/\\\/policy.my-gate.eu\\\/es\\\/politica-de-privacidad\\\/#breadcrumb\"},\"inLanguage\":\"es\",\"potentialAction\":[{\"@type\":\"ReadAction\",\"target\":[\"https:\\\/\\\/policy.my-gate.eu\\\/es\\\/politica-de-privacidad\\\/\"]}]},{\"@type\":\"BreadcrumbList\",\"@id\":\"https:\\\/\\\/policy.my-gate.eu\\\/es\\\/politica-de-privacidad\\\/#breadcrumb\",\"itemListElement\":[{\"@type\":\"ListItem\",\"position\":1,\"name\":\"Home\",\"item\":\"https:\\\/\\\/policy.my-gate.eu\\\/es\\\/\"},{\"@type\":\"ListItem\",\"position\":2,\"name\":\"Pol\u00edtica de privacidad\"}]},{\"@type\":\"WebSite\",\"@id\":\"https:\\\/\\\/policy.my-gate.eu\\\/es\\\/#website\",\"url\":\"https:\\\/\\\/policy.my-gate.eu\\\/es\\\/\",\"name\":\"My Gate - Privacy Policy\",\"description\":\"\",\"potentialAction\":[{\"@type\":\"SearchAction\",\"target\":{\"@type\":\"EntryPoint\",\"urlTemplate\":\"https:\\\/\\\/policy.my-gate.eu\\\/es\\\/?s={search_term_string}\"},\"query-input\":{\"@type\":\"PropertyValueSpecification\",\"valueRequired\":true,\"valueName\":\"search_term_string\"}}],\"inLanguage\":\"es\"}]}<\/script>\n<!-- \/ Yoast SEO plugin. -->","yoast_head_json":{"title":"Pol\u00edtica de privacidad - My Gate - Privacy Policy","robots":{"index":"noindex","follow":"nofollow"},"og_locale":"es_ES","og_type":"article","og_title":"Pol\u00edtica de privacidad - My Gate - Privacy Policy","og_description":"Informaci\u00f3n sobre el tratamiento de datos personales de conformidad con el art. 13 del reglamento (ue) 2016\/679 (\u00abrgpd\u00bb) titular del tratamiento Amilon Srl Via Natale Battaglia &#8211; 12, Mil\u00e1n (MI), n\u00famero de tel\u00e9fono +39 02 365 596 50, privacy@amilon.it ( \u00abEmpresa\u00bb ). Delegado de protecci\u00f3n de datos (dpo) dpo-ext@amilon.it Prop\u00f3sito del tratamiento Base legal del... Read more &raquo;","og_url":"https:\/\/policy.my-gate.eu\/es\/politica-de-privacidad\/","og_site_name":"My Gate - Privacy Policy","article_modified_time":"2022-03-10T16:43:28+00:00","twitter_card":"summary_large_image","twitter_misc":{"Tiempo de lectura":"3 minutos"},"schema":{"@context":"https:\/\/schema.org","@graph":[{"@type":"WebPage","@id":"https:\/\/policy.my-gate.eu\/es\/politica-de-privacidad\/","url":"https:\/\/policy.my-gate.eu\/es\/politica-de-privacidad\/","name":"Pol\u00edtica de privacidad - My Gate - Privacy Policy","isPartOf":{"@id":"https:\/\/policy.my-gate.eu\/es\/#website"},"datePublished":"2021-01-12T09:27:30+00:00","dateModified":"2022-03-10T16:43:28+00:00","breadcrumb":{"@id":"https:\/\/policy.my-gate.eu\/es\/politica-de-privacidad\/#breadcrumb"},"inLanguage":"es","potentialAction":[{"@type":"ReadAction","target":["https:\/\/policy.my-gate.eu\/es\/politica-de-privacidad\/"]}]},{"@type":"BreadcrumbList","@id":"https:\/\/policy.my-gate.eu\/es\/politica-de-privacidad\/#breadcrumb","itemListElement":[{"@type":"ListItem","position":1,"name":"Home","item":"https:\/\/policy.my-gate.eu\/es\/"},{"@type":"ListItem","position":2,"name":"Pol\u00edtica de privacidad"}]},{"@type":"WebSite","@id":"https:\/\/policy.my-gate.eu\/es\/#website","url":"https:\/\/policy.my-gate.eu\/es\/","name":"My Gate - Privacy Policy","description":"","potentialAction":[{"@type":"SearchAction","target":{"@type":"EntryPoint","urlTemplate":"https:\/\/policy.my-gate.eu\/es\/?s={search_term_string}"},"query-input":{"@type":"PropertyValueSpecification","valueRequired":true,"valueName":"search_term_string"}}],"inLanguage":"es"}]}},"_links":{"self":[{"href":"https:\/\/policy.my-gate.eu\/es\/wp-json\/wp\/v2\/pages\/322","targetHints":{"allow":["GET"]}}],"collection":[{"href":"https:\/\/policy.my-gate.eu\/es\/wp-json\/wp\/v2\/pages"}],"about":[{"href":"https:\/\/policy.my-gate.eu\/es\/wp-json\/wp\/v2\/types\/page"}],"author":[{"embeddable":true,"href":"https:\/\/policy.my-gate.eu\/es\/wp-json\/wp\/v2\/users\/1"}],"replies":[{"embeddable":true,"href":"https:\/\/policy.my-gate.eu\/es\/wp-json\/wp\/v2\/comments?post=322"}],"version-history":[{"count":1,"href":"https:\/\/policy.my-gate.eu\/es\/wp-json\/wp\/v2\/pages\/322\/revisions"}],"predecessor-version":[{"id":324,"href":"https:\/\/policy.my-gate.eu\/es\/wp-json\/wp\/v2\/pages\/322\/revisions\/324"}],"wp:attachment":[{"href":"https:\/\/policy.my-gate.eu\/es\/wp-json\/wp\/v2\/media?parent=322"}],"curies":[{"name":"wp","href":"https:\/\/api.w.org\/{rel}","templated":true}]}}