{"id":314,"date":"2021-01-12T09:27:30","date_gmt":"2021-01-12T09:27:30","guid":{"rendered":"https:\/\/stg.policy.my-gate.eu\/fortrolighedspolitik\/"},"modified":"2022-03-10T16:43:25","modified_gmt":"2022-03-10T16:43:25","slug":"fortrolighedspolitik","status":"publish","type":"page","link":"https:\/\/policy.my-gate.eu\/da\/fortrolighedspolitik\/","title":{"rendered":"Fortrolighedspolitik"},"content":{"rendered":"<section class=\"page-section policy-privacy\">\n<div class=\"column\">\n<h2 class=\"page-section__title\">Oplysninger om behandling af personoplysninger <br \/>i henhold til art. 13 i forordning (eu) 2016\/679 (&#8220;gdpr&#8221;)<\/h2>\n<h2 class=\"page-section__title\"> Indehaver af behandlingen<\/h2>\n<p class=\"page-section__paragraph\"><strong>Amilon Srl<\/strong> Via Natale Battaglia &#8211; 12, Milano (MI), telefonnummer +39 02 365 596 50, <a class=\"linkText\" href=\"mailto:privacy@amilon.it\">privacy@amilon.it<\/a> ( <strong>&#8220;Virksomhed&#8221;<\/strong> ).<\/p>\n<h2 class=\"page-section__title\">Databeskyttelsesansvarlig (dpo)<\/h2>\n<p class=\"page-section__paragraph\"><a class=\"linkText\" href=\"mailto:dpo-ext@amilon.it\">dpo-ext@amilon.it<\/a><\/p>\n<div class=\"responsive-table-wrapper\">\n<table class=\"responsive-table\">\n<tbody>\n<tr>\n<th valign=\"top\"> Form\u00e5l <br \/> af behandlingen <\/th>\n<th valign=\"top\"> Lovgrundlag <br \/> af behandlingen <\/th>\n<th valign=\"top\"> Tilbageholdelsesperiode <br \/> nogle data <\/th>\n<\/tr>\n<tr>\n<td valign=\"top\"> Tillad registrering og brug af de tjenester, som virksomheden leverer. <\/td>\n<td valign=\"top\"> Udf\u00f8relse af en kontrakt, som du er part i. <\/td>\n<td valign=\"top\" rowspan=\"3\"> Kontraktens varighed og, efter opsigelsen, for den almindelige for\u00e6ldelsesfrist p\u00e5 10 \u00e5r.<br \/>\n\t\t\t\t\t\t\t\t<br \/>I tilf\u00e6lde af en retslig tvist, i hele dens varighed, indtil udl\u00f8bet af betingelserne for eksigibilitet for appellen.\n\t\t\t\t\t\t\t <\/td>\n<\/tr>\n<tr>\n<td valign=\"top\"> Opfylde forpligtelser fastsat ved forordninger og af g\u00e6ldende national og overnational lovgivning. <\/td>\n<td valign=\"top\"> Behov for at opfylde juridiske forpligtelser <\/td>\n<\/tr>\n<tr>\n<td valign=\"top\"> Om n\u00f8dvendigt for at fastsl\u00e5, ud\u00f8ve eller forsvare den dataansvarliges rettigheder i retten <\/td>\n<td valign=\"top\"> Berettiget interesse <\/td>\n<\/tr>\n<tr>\n<td valign=\"top\" colspan=\"3\">\n<hr class=\"inner-separator\">N\u00e5r de ovenfor angivne opbevaringsbetingelser er udl\u00f8bet, vil dataene blive destrueret, slettet eller gjort anonyme i overensstemmelse med de tekniske annullerings- og sikkerhedskopieringsprocedurer.<\/td>\n<\/tr>\n<\/tbody>\n<\/table><\/div>\n<h3>Pligt til at afgive data<\/h3>\n<p class=\"page-section__paragraph\">\n Levering af data er obligatorisk for indg\u00e5else og forts\u00e6ttelse af kontrakten; afslaget p\u00e5 at levere de f\u00f8rn\u00e6vnte data tillader derfor ikke brugen af tjenesterne.\n\t\t\t<\/p>\n<h3>\n Datamodtagere<br \/>\n\t\t\t<\/h3>\n<p class=\"page-section__paragraph\">\n Oplysningerne kan behandles af eksterne parter, der fungerer som <strong>ejere<\/strong> , s\u00e5som f.eks. tilsyns- og kontrolmyndigheder og -organer og i almindelighed, offentlige eller private, berettigede til at anmode om oplysningerne, samt, med forudg\u00e5ende samtykke, til tredjemand partpartnere, der tilh\u00f8rer kategorierne angivet ovenfor. <br \/>\n Oplysningerne kan ogs\u00e5 p\u00e5 vegne af virksomheden blive behandlet af eksterne parter, der er udpeget som <strong>ledere<\/strong> , som f\u00e5r passende driftsinstruktioner. Disse emner er i det v\u00e6sentlige inkluderet i f\u00f8lgende kategorier:\n\t\t\t<\/p>\n<ol class=\"lower-alpha-list\">\n<li>virksomheder, der tilbyder tjenester til afsendelse af e-mail; <\/li>\n<li>virksomheder, der tilbyder vedligeholdelse af websteder;<\/li>\n<li>virksomheder, der tilbyder administration og kundepleje.<\/li>\n<\/ol>\n<h3>Emner, der er godkendt til at behandle<\/h3>\n<p class=\"page-section__paragraph\">Oplysningerne kan behandles af medarbejdere i de virksomhedsfunktioner, der er ansvarlige for at forf\u00f8lge de f\u00f8rn\u00e6vnte form\u00e5l, som er udtrykkeligt godkendt til behandling, og som har modtaget tilstr\u00e6kkelige betjeningsinstruktioner.<\/p>\n<h3>Den interesserede parts rettigheder &#8211; klage til tilsynsmyndigheden<\/h3>\n<p class=\"page-section__paragraph\">Ved at kontakte virksomheden via e-mail p\u00e5 <a href=\"mailto:privacy@amilon.it\" class=\"linkText\">privacy@amilon.it<\/a> kan interesserede parter bede ejeren om at f\u00e5 adgang til data vedr\u00f8rende dem, deres annullering, berigtigelse af un\u00f8jagtige data, integration af ufuldst\u00e6ndige data, begr\u00e6nsning af behandlingen i de tilf\u00e6lde, der er forudset af kunst. 18 GDPR, samt modstand mod behandlingen, af \u00e5rsager forbundet med ens s\u00e6rlige situation, i hypotesen om legitim interesse hos ejeren.<\/p>\n<p class=\"page-section__paragraph\">I tilf\u00e6lde af, at behandlingen er baseret p\u00e5 samtykke eller p\u00e5 kontrakt og udf\u00f8res med automatiserede v\u00e6rkt\u00f8jer, har de interesserede parter ret til at modtage dataene i et struktureret format, almindeligt anvendt og l\u00e6sbart af automatisk enhed, samt , hvis det er teknisk muligt, at overf\u00f8re dem til en anden indehaver uden hindringer.<\/p>\n<p class=\"page-section__paragraph\">Interesserede parter har ret til at indgive en klage til den kompetente tilsynsmyndighed i den medlemsstat, hvor de normalt opholder sig eller arbejder, eller i den stat, hvor den p\u00e5st\u00e5ede kr\u00e6nkelse har fundet sted.<\/p>\n<\/p><\/div>\n<\/section>\n","protected":false},"excerpt":{"rendered":"<p>Oplysninger om behandling af personoplysninger i henhold til art. 13 i forordning (eu) 2016\/679 (&#8220;gdpr&#8221;) Indehaver af behandlingen Amilon Srl Via Natale Battaglia &#8211; 12, Milano (MI), telefonnummer +39 02 365 596 50, privacy@amilon.it ( &#8220;Virksomhed&#8221; ). Databeskyttelsesansvarlig (dpo) dpo-ext@amilon.it Form\u00e5l af behandlingen Lovgrundlag af behandlingen Tilbageholdelsesperiode nogle data Tillad registrering og brug af de<a class=\"excerpt-read-more\" href=\"https:\/\/policy.my-gate.eu\/da\/fortrolighedspolitik\/\" title=\"ReadFortrolighedspolitik\">&#8230; Read more &raquo;<\/a><\/p>\n","protected":false},"author":1,"featured_media":0,"parent":0,"menu_order":0,"comment_status":"closed","ping_status":"closed","template":"template-full-width.php","meta":{"footnotes":""},"class_list":["post-314","page","type-page","status-publish","hentry"],"yoast_head":"<!-- This site is optimized with the Yoast SEO plugin v27.5 - https:\/\/yoast.com\/product\/yoast-seo-wordpress\/ -->\n<title>Fortrolighedspolitik - My Gate - Privacy Policy<\/title>\n<meta name=\"robots\" content=\"noindex, nofollow\" \/>\n<meta property=\"og:locale\" content=\"da_DK\" \/>\n<meta property=\"og:type\" content=\"article\" \/>\n<meta property=\"og:title\" content=\"Fortrolighedspolitik - My Gate - Privacy Policy\" \/>\n<meta property=\"og:description\" content=\"Oplysninger om behandling af personoplysninger i henhold til art. 13 i forordning (eu) 2016\/679 (&#8220;gdpr&#8221;) Indehaver af behandlingen Amilon Srl Via Natale Battaglia &#8211; 12, Milano (MI), telefonnummer +39 02 365 596 50, privacy@amilon.it ( &#8220;Virksomhed&#8221; ). Databeskyttelsesansvarlig (dpo) dpo-ext@amilon.it Form\u00e5l af behandlingen Lovgrundlag af behandlingen Tilbageholdelsesperiode nogle data Tillad registrering og brug af de... Read more &raquo;\" \/>\n<meta property=\"og:url\" content=\"https:\/\/policy.my-gate.eu\/da\/fortrolighedspolitik\/\" \/>\n<meta property=\"og:site_name\" content=\"My Gate - Privacy Policy\" \/>\n<meta property=\"article:modified_time\" content=\"2022-03-10T16:43:25+00:00\" \/>\n<meta name=\"twitter:card\" content=\"summary_large_image\" \/>\n<meta name=\"twitter:label1\" content=\"Estimeret l\u00e6setid\" \/>\n\t<meta name=\"twitter:data1\" content=\"3 minutter\" \/>\n<script type=\"application\/ld+json\" class=\"yoast-schema-graph\">{\"@context\":\"https:\\\/\\\/schema.org\",\"@graph\":[{\"@type\":\"WebPage\",\"@id\":\"https:\\\/\\\/policy.my-gate.eu\\\/da\\\/fortrolighedspolitik\\\/\",\"url\":\"https:\\\/\\\/policy.my-gate.eu\\\/da\\\/fortrolighedspolitik\\\/\",\"name\":\"Fortrolighedspolitik - My Gate - Privacy Policy\",\"isPartOf\":{\"@id\":\"https:\\\/\\\/policy.my-gate.eu\\\/da\\\/#website\"},\"datePublished\":\"2021-01-12T09:27:30+00:00\",\"dateModified\":\"2022-03-10T16:43:25+00:00\",\"breadcrumb\":{\"@id\":\"https:\\\/\\\/policy.my-gate.eu\\\/da\\\/fortrolighedspolitik\\\/#breadcrumb\"},\"inLanguage\":\"da-DK\",\"potentialAction\":[{\"@type\":\"ReadAction\",\"target\":[\"https:\\\/\\\/policy.my-gate.eu\\\/da\\\/fortrolighedspolitik\\\/\"]}]},{\"@type\":\"BreadcrumbList\",\"@id\":\"https:\\\/\\\/policy.my-gate.eu\\\/da\\\/fortrolighedspolitik\\\/#breadcrumb\",\"itemListElement\":[{\"@type\":\"ListItem\",\"position\":1,\"name\":\"Home\",\"item\":\"https:\\\/\\\/policy.my-gate.eu\\\/da\\\/\"},{\"@type\":\"ListItem\",\"position\":2,\"name\":\"Fortrolighedspolitik\"}]},{\"@type\":\"WebSite\",\"@id\":\"https:\\\/\\\/policy.my-gate.eu\\\/da\\\/#website\",\"url\":\"https:\\\/\\\/policy.my-gate.eu\\\/da\\\/\",\"name\":\"My Gate - Privacy Policy\",\"description\":\"\",\"potentialAction\":[{\"@type\":\"SearchAction\",\"target\":{\"@type\":\"EntryPoint\",\"urlTemplate\":\"https:\\\/\\\/policy.my-gate.eu\\\/da\\\/?s={search_term_string}\"},\"query-input\":{\"@type\":\"PropertyValueSpecification\",\"valueRequired\":true,\"valueName\":\"search_term_string\"}}],\"inLanguage\":\"da-DK\"}]}<\/script>\n<!-- \/ Yoast SEO plugin. -->","yoast_head_json":{"title":"Fortrolighedspolitik - My Gate - Privacy Policy","robots":{"index":"noindex","follow":"nofollow"},"og_locale":"da_DK","og_type":"article","og_title":"Fortrolighedspolitik - My Gate - Privacy Policy","og_description":"Oplysninger om behandling af personoplysninger i henhold til art. 13 i forordning (eu) 2016\/679 (&#8220;gdpr&#8221;) Indehaver af behandlingen Amilon Srl Via Natale Battaglia &#8211; 12, Milano (MI), telefonnummer +39 02 365 596 50, privacy@amilon.it ( &#8220;Virksomhed&#8221; ). Databeskyttelsesansvarlig (dpo) dpo-ext@amilon.it Form\u00e5l af behandlingen Lovgrundlag af behandlingen Tilbageholdelsesperiode nogle data Tillad registrering og brug af de... Read more &raquo;","og_url":"https:\/\/policy.my-gate.eu\/da\/fortrolighedspolitik\/","og_site_name":"My Gate - Privacy Policy","article_modified_time":"2022-03-10T16:43:25+00:00","twitter_card":"summary_large_image","twitter_misc":{"Estimeret l\u00e6setid":"3 minutter"},"schema":{"@context":"https:\/\/schema.org","@graph":[{"@type":"WebPage","@id":"https:\/\/policy.my-gate.eu\/da\/fortrolighedspolitik\/","url":"https:\/\/policy.my-gate.eu\/da\/fortrolighedspolitik\/","name":"Fortrolighedspolitik - My Gate - Privacy Policy","isPartOf":{"@id":"https:\/\/policy.my-gate.eu\/da\/#website"},"datePublished":"2021-01-12T09:27:30+00:00","dateModified":"2022-03-10T16:43:25+00:00","breadcrumb":{"@id":"https:\/\/policy.my-gate.eu\/da\/fortrolighedspolitik\/#breadcrumb"},"inLanguage":"da-DK","potentialAction":[{"@type":"ReadAction","target":["https:\/\/policy.my-gate.eu\/da\/fortrolighedspolitik\/"]}]},{"@type":"BreadcrumbList","@id":"https:\/\/policy.my-gate.eu\/da\/fortrolighedspolitik\/#breadcrumb","itemListElement":[{"@type":"ListItem","position":1,"name":"Home","item":"https:\/\/policy.my-gate.eu\/da\/"},{"@type":"ListItem","position":2,"name":"Fortrolighedspolitik"}]},{"@type":"WebSite","@id":"https:\/\/policy.my-gate.eu\/da\/#website","url":"https:\/\/policy.my-gate.eu\/da\/","name":"My Gate - Privacy Policy","description":"","potentialAction":[{"@type":"SearchAction","target":{"@type":"EntryPoint","urlTemplate":"https:\/\/policy.my-gate.eu\/da\/?s={search_term_string}"},"query-input":{"@type":"PropertyValueSpecification","valueRequired":true,"valueName":"search_term_string"}}],"inLanguage":"da-DK"}]}},"_links":{"self":[{"href":"https:\/\/policy.my-gate.eu\/da\/wp-json\/wp\/v2\/pages\/314","targetHints":{"allow":["GET"]}}],"collection":[{"href":"https:\/\/policy.my-gate.eu\/da\/wp-json\/wp\/v2\/pages"}],"about":[{"href":"https:\/\/policy.my-gate.eu\/da\/wp-json\/wp\/v2\/types\/page"}],"author":[{"embeddable":true,"href":"https:\/\/policy.my-gate.eu\/da\/wp-json\/wp\/v2\/users\/1"}],"replies":[{"embeddable":true,"href":"https:\/\/policy.my-gate.eu\/da\/wp-json\/wp\/v2\/comments?post=314"}],"version-history":[{"count":1,"href":"https:\/\/policy.my-gate.eu\/da\/wp-json\/wp\/v2\/pages\/314\/revisions"}],"predecessor-version":[{"id":317,"href":"https:\/\/policy.my-gate.eu\/da\/wp-json\/wp\/v2\/pages\/314\/revisions\/317"}],"wp:attachment":[{"href":"https:\/\/policy.my-gate.eu\/da\/wp-json\/wp\/v2\/media?parent=314"}],"curies":[{"name":"wp","href":"https:\/\/api.w.org\/{rel}","templated":true}]}}