{"id":847,"date":"2025-09-25T09:37:15","date_gmt":"2025-09-25T09:37:15","guid":{"rendered":"https:\/\/policy.my-gate.eu\/?page_id=847"},"modified":"2025-09-25T09:39:47","modified_gmt":"2025-09-25T09:39:47","slug":"privacy-policy","status":"publish","type":"page","link":"https:\/\/policy.my-gate.eu\/cs\/privacy-policy\/","title":{"rendered":"Z\u00e1sady ochrany osobn\u00edch \u00fadaj\u016f"},"content":{"rendered":"<section class=\"page-section policy-privacy\">\n<div class=\"column\">\n<h2 class=\"page-section__title\">Informace t\u00fdkaj\u00edc\u00ed se zpracov\u00e1n\u00ed osobn\u00edch \u00fadaj\u016f<br \/>\npodle \u010dl. 13 na\u0159\u00edzen\u00ed (EU) 2016\/679 (\u201eGDPR&#8220;)<\/h2>\n<h2 class=\"page-section__title\">Spr\u00e1vce zpracov\u00e1n\u00ed<\/h2>\n<p class=\"page-section__paragraph\"><strong>Amilon S.r.l.<\/strong> Via Natale Battaglia \u2013 12, Milano (MI), telefonn\u00ed \u010d\u00edslo +39 02 365 596 50, <a class=\"linkText\" href=\"mailto:privacy@amilon.it\">privacy@amilon.it<\/a> (<strong>\u201eSpole\u010dnost&#8220;<\/strong>).<\/p>\n<h2 class=\"page-section__title\">Pov\u011b\u0159enec pro ochranu osobn\u00edch \u00fadaj\u016f (DPO)<\/h2>\n<p class=\"page-section__paragraph\"><a class=\"linkText\" href=\"mailto:dpo-ext@amilon.it\">dpo-ext@amilon.it<\/a><\/p>\n<div class=\"responsive-table-wrapper\">\n<table class=\"responsive-table\">\n<tbody>\n<tr>\n<th valign=\"top\">\u00da\u010del<br \/>\nzpracov\u00e1n\u00ed<\/th>\n<th valign=\"top\">Pr\u00e1vn\u00ed z\u00e1klad<br \/>\nzpracov\u00e1n\u00ed<\/th>\n<th valign=\"top\">Doba uchov\u00e1v\u00e1n\u00ed<br \/>\n\u00fadaj\u016f<\/th>\n<\/tr>\n<tr>\n<td valign=\"top\">Umo\u017enit registraci a vyu\u017e\u00edv\u00e1n\u00ed slu\u017eeb poskytovan\u00fdch Spole\u010dnost\u00ed.<\/td>\n<td valign=\"top\">Pln\u011bn\u00ed smlouvy, jej\u00ed\u017e jste stranou.<\/td>\n<td rowspan=\"3\" valign=\"top\">Doba trv\u00e1n\u00ed smlouvy a po ukon\u010den\u00ed po dobu obecn\u00e9 proml\u010dec\u00ed lh\u016fty rovnaj\u00edc\u00ed se 10 let\u016fm.<\/p>\n<p>V p\u0159\u00edpad\u011b soudn\u00edho sporu po celou dobu jeho trv\u00e1n\u00ed, a\u017e do uplynut\u00ed lh\u016ft pro uplatn\u011bn\u00ed opravn\u00fdch prost\u0159edk\u016f.<\/td>\n<\/tr>\n<tr>\n<td valign=\"top\">Pln\u011bn\u00ed povinnost\u00ed stanoven\u00fdch p\u0159edpisy a pou\u017eiteln\u00fdmi n\u00e1rodn\u00edmi a nadn\u00e1rodn\u00edmi normami.<\/td>\n<td valign=\"top\">Nutnost splnit z\u00e1konn\u00e9 povinnosti<\/td>\n<\/tr>\n<tr>\n<td valign=\"top\">V p\u0159\u00edpad\u011b pot\u0159eby k zji\u0161t\u011bn\u00ed, uplatn\u011bn\u00ed nebo obhajob\u011b pr\u00e1v Spr\u00e1vce p\u0159ed soudem<\/td>\n<td valign=\"top\">Opr\u00e1vn\u011bn\u00fd z\u00e1jem<\/td>\n<\/tr>\n<tr>\n<td colspan=\"3\" valign=\"top\">\n<hr class=\"inner-separator\" \/>\n<p>Po uplynut\u00ed v\u00fd\u0161e uveden\u00fdch lh\u016ft pro uchov\u00e1v\u00e1n\u00ed budou \u00fadaje zni\u010deny, smaz\u00e1ny nebo anonymizov\u00e1ny, v souladu s technick\u00fdmi postupy maz\u00e1n\u00ed a z\u00e1lohov\u00e1n\u00ed.<\/td>\n<\/tr>\n<\/tbody>\n<\/table>\n<\/div>\n<h3>Povinnost poskytnut\u00ed \u00fadaj\u016f<\/h3>\n<p class=\"page-section__paragraph\">Poskytnut\u00ed \u00fadaj\u016f je povinn\u00e9 pro uzav\u0159en\u00ed a pokra\u010dov\u00e1n\u00ed smlouvy; odm\u00edtnut\u00ed poskytnout uveden\u00e9 \u00fadaje proto neumo\u017e\u0148uje vyu\u017e\u00edv\u00e1n\u00ed slu\u017eeb.<\/p>\n<h3>P\u0159\u00edjemci \u00fadaj\u016f<\/h3>\n<p class=\"page-section__paragraph\">\u00dadaje mohou b\u00fdt zpracov\u00e1v\u00e1ny extern\u00edmi subjekty p\u016fsob\u00edc\u00edmi jako <strong>spr\u00e1vci<\/strong>, jako jsou nap\u0159\u00edklad dozorov\u00e9 a kontroln\u00ed org\u00e1ny a obecn\u011b subjekty, ve\u0159ejn\u00e9 nebo soukrom\u00e9, opr\u00e1vn\u011bn\u00e9 po\u017eadovat \u00fadaje, stejn\u011b jako po p\u0159edchoz\u00edm souhlasu t\u0159et\u00edm stran\u00e1m partner\u016fm pat\u0159\u00edc\u00edm do v\u00fd\u0161e uveden\u00fdch kategori\u00ed.<br \/>\n\u00dadaje mohou b\u00fdt tak\u00e9 zpracov\u00e1v\u00e1ny jm\u00e9nem Spole\u010dnosti extern\u00edmi subjekty ur\u010den\u00fdmi jako <strong>zpracovatel\u00e9<\/strong>, kter\u00fdm jsou vyd\u00e1ny p\u0159im\u011b\u0159en\u00e9 provozn\u00ed pokyny. Tyto subjekty jsou v podstat\u011b zahrnuty v n\u00e1sleduj\u00edc\u00edch kategori\u00edch:<\/p>\n<ol class=\"lower-alpha-list\">\n<li>spole\u010dnosti poskytuj\u00edc\u00ed slu\u017eby odes\u00edl\u00e1n\u00ed e-mail\u016f;<\/li>\n<li>spole\u010dnosti poskytuj\u00edc\u00ed slu\u017eby \u00fadr\u017eby webov\u00fdch str\u00e1nek;<\/li>\n<li>spole\u010dnosti poskytuj\u00edc\u00ed administrativn\u00ed slu\u017eby a slu\u017eby z\u00e1kaznick\u00e9 p\u00e9\u010de.<\/li>\n<\/ol>\n<h3>Subjekty opr\u00e1vn\u011bn\u00e9 ke zpracov\u00e1n\u00ed<\/h3>\n<p class=\"page-section__paragraph\">\u00dadaje mohou b\u00fdt zpracov\u00e1v\u00e1ny zam\u011bstnanci podnikov\u00fdch funkc\u00ed pov\u011b\u0159en\u00fdch dosa\u017een\u00edm v\u00fd\u0161e uveden\u00fdch \u00fa\u010del\u016f, kte\u0159\u00ed byli v\u00fdslovn\u011b opr\u00e1vn\u011bni ke zpracov\u00e1n\u00ed a kte\u0159\u00ed obdr\u017eeli p\u0159im\u011b\u0159en\u00e9 provozn\u00ed pokyny.<\/p>\n<h3>Pr\u00e1va dot\u010den\u00e9 osoby &#8211; st\u00ed\u017enost u dozorov\u00e9ho org\u00e1nu<\/h3>\n<p class=\"page-section__paragraph\">Kontaktov\u00e1n\u00edm Spole\u010dnosti e-mailem na adrese <a class=\"linkText\" href=\"mailto:privacy@amilon.it\">privacy@amilon.it<\/a> mohou dot\u010den\u00e9 osoby po\u017e\u00e1dat spr\u00e1vce o p\u0159\u00edstup k \u00fadaj\u016fm, kter\u00e9 se jich t\u00fdkaj\u00ed, jejich smaz\u00e1n\u00ed, opravu nep\u0159esn\u00fdch \u00fadaj\u016f, dopln\u011bn\u00ed ne\u00fapln\u00fdch \u00fadaj\u016f, omezen\u00ed zpracov\u00e1n\u00ed v p\u0159\u00edpadech stanoven\u00fdch \u010dl. 18 GDPR, jako\u017e i n\u00e1mitku proti zpracov\u00e1n\u00ed z d\u016fvod\u016f souvisej\u00edc\u00edch s jejich konkr\u00e9tn\u00ed situac\u00ed v p\u0159\u00edpadech opr\u00e1vn\u011bn\u00e9ho z\u00e1jmu spr\u00e1vce.<\/p>\n<p class=\"page-section__paragraph\">Dot\u010den\u00e9 osoby maj\u00ed nav\u00edc v p\u0159\u00edpad\u011b, \u017ee zpracov\u00e1n\u00ed je zalo\u017eeno na souhlasu nebo smlouv\u011b a je prov\u00e1d\u011bno automatizovan\u00fdmi n\u00e1stroji, pr\u00e1vo obdr\u017eet \u00fadaje ve strukturovan\u00e9m form\u00e1tu b\u011b\u017en\u00e9ho u\u017e\u00edv\u00e1n\u00ed \u010diteln\u00e9m automatick\u00fdm za\u0159\u00edzen\u00edm, a pokud je to technicky provediteln\u00e9, p\u0159en\u00e9st je jin\u00e9mu spr\u00e1vci bez p\u0159ek\u00e1\u017eek.<\/p>\n<p class=\"page-section__paragraph\">Dot\u010den\u00e9 osoby maj\u00ed pr\u00e1vo podat st\u00ed\u017enost u p\u0159\u00edslu\u0161n\u00e9ho dozorov\u00e9ho org\u00e1nu v \u010dlensk\u00e9m st\u00e1t\u011b, kde obvykle pob\u00fdvaj\u00ed nebo pracuj\u00ed, nebo ve st\u00e1t\u011b, kde do\u0161lo k \u00fadajn\u00e9mu poru\u0161en\u00ed.<\/p>\n<\/div>\n<\/section>\n","protected":false},"excerpt":{"rendered":"<p>Informace t\u00fdkaj\u00edc\u00ed se zpracov\u00e1n\u00ed osobn\u00edch \u00fadaj\u016f podle \u010dl. 13 na\u0159\u00edzen\u00ed (EU) 2016\/679 (\u201eGDPR&#8220;) Spr\u00e1vce zpracov\u00e1n\u00ed Amilon S.r.l. Via Natale Battaglia \u2013 12, Milano (MI), telefonn\u00ed \u010d\u00edslo +39 02 365 596 50, privacy@amilon.it (\u201eSpole\u010dnost&#8220;). Pov\u011b\u0159enec pro ochranu osobn\u00edch \u00fadaj\u016f (DPO) dpo-ext@amilon.it \u00da\u010del zpracov\u00e1n\u00ed Pr\u00e1vn\u00ed z\u00e1klad zpracov\u00e1n\u00ed Doba uchov\u00e1v\u00e1n\u00ed \u00fadaj\u016f Umo\u017enit registraci a vyu\u017e\u00edv\u00e1n\u00ed slu\u017eeb poskytovan\u00fdch Spole\u010dnost\u00ed.<a class=\"excerpt-read-more\" href=\"https:\/\/policy.my-gate.eu\/cs\/privacy-policy\/\" title=\"ReadZ\u00e1sady ochrany osobn\u00edch \u00fadaj\u016f\">&#8230; Read more &raquo;<\/a><\/p>\n","protected":false},"author":1,"featured_media":0,"parent":0,"menu_order":0,"comment_status":"closed","ping_status":"closed","template":"template-full-width.php","meta":{"footnotes":""},"class_list":["post-847","page","type-page","status-publish","hentry"],"yoast_head":"<!-- This site is optimized with the Yoast SEO plugin v27.5 - https:\/\/yoast.com\/product\/yoast-seo-wordpress\/ -->\n<title>Z\u00e1sady ochrany osobn\u00edch \u00fadaj\u016f - My Gate - Privacy Policy<\/title>\n<meta name=\"robots\" content=\"noindex, nofollow\" \/>\n<meta property=\"og:locale\" content=\"cs_CZ\" \/>\n<meta property=\"og:type\" content=\"article\" \/>\n<meta property=\"og:title\" content=\"Z\u00e1sady ochrany osobn\u00edch \u00fadaj\u016f - My Gate - Privacy Policy\" \/>\n<meta property=\"og:description\" content=\"Informace t\u00fdkaj\u00edc\u00ed se zpracov\u00e1n\u00ed osobn\u00edch \u00fadaj\u016f podle \u010dl. 13 na\u0159\u00edzen\u00ed (EU) 2016\/679 (\u201eGDPR&#8220;) Spr\u00e1vce zpracov\u00e1n\u00ed Amilon S.r.l. Via Natale Battaglia \u2013 12, Milano (MI), telefonn\u00ed \u010d\u00edslo +39 02 365 596 50, privacy@amilon.it (\u201eSpole\u010dnost&#8220;). Pov\u011b\u0159enec pro ochranu osobn\u00edch \u00fadaj\u016f (DPO) dpo-ext@amilon.it \u00da\u010del zpracov\u00e1n\u00ed Pr\u00e1vn\u00ed z\u00e1klad zpracov\u00e1n\u00ed Doba uchov\u00e1v\u00e1n\u00ed \u00fadaj\u016f Umo\u017enit registraci a vyu\u017e\u00edv\u00e1n\u00ed slu\u017eeb poskytovan\u00fdch Spole\u010dnost\u00ed.... Read more &raquo;\" \/>\n<meta property=\"og:url\" content=\"https:\/\/policy.my-gate.eu\/cs\/privacy-policy\/\" \/>\n<meta property=\"og:site_name\" content=\"My Gate - Privacy Policy\" \/>\n<meta property=\"article:modified_time\" content=\"2025-09-25T09:39:47+00:00\" \/>\n<meta name=\"twitter:card\" content=\"summary_large_image\" \/>\n<meta name=\"twitter:label1\" content=\"Odhadovan\u00e1 doba \u010dten\u00ed\" \/>\n\t<meta name=\"twitter:data1\" content=\"2 minuty\" \/>\n<script type=\"application\/ld+json\" class=\"yoast-schema-graph\">{\"@context\":\"https:\\\/\\\/schema.org\",\"@graph\":[{\"@type\":\"WebPage\",\"@id\":\"https:\\\/\\\/policy.my-gate.eu\\\/cs\\\/privacy-policy\\\/\",\"url\":\"https:\\\/\\\/policy.my-gate.eu\\\/cs\\\/privacy-policy\\\/\",\"name\":\"Z\u00e1sady ochrany osobn\u00edch \u00fadaj\u016f - My Gate - Privacy Policy\",\"isPartOf\":{\"@id\":\"https:\\\/\\\/policy.my-gate.eu\\\/cs\\\/#website\"},\"datePublished\":\"2025-09-25T09:37:15+00:00\",\"dateModified\":\"2025-09-25T09:39:47+00:00\",\"breadcrumb\":{\"@id\":\"https:\\\/\\\/policy.my-gate.eu\\\/cs\\\/privacy-policy\\\/#breadcrumb\"},\"inLanguage\":\"cs\",\"potentialAction\":[{\"@type\":\"ReadAction\",\"target\":[\"https:\\\/\\\/policy.my-gate.eu\\\/cs\\\/privacy-policy\\\/\"]}]},{\"@type\":\"BreadcrumbList\",\"@id\":\"https:\\\/\\\/policy.my-gate.eu\\\/cs\\\/privacy-policy\\\/#breadcrumb\",\"itemListElement\":[{\"@type\":\"ListItem\",\"position\":1,\"name\":\"Home\",\"item\":\"https:\\\/\\\/policy.my-gate.eu\\\/cs\\\/\"},{\"@type\":\"ListItem\",\"position\":2,\"name\":\"Z\u00e1sady ochrany osobn\u00edch \u00fadaj\u016f\"}]},{\"@type\":\"WebSite\",\"@id\":\"https:\\\/\\\/policy.my-gate.eu\\\/cs\\\/#website\",\"url\":\"https:\\\/\\\/policy.my-gate.eu\\\/cs\\\/\",\"name\":\"My Gate - Privacy Policy\",\"description\":\"\",\"potentialAction\":[{\"@type\":\"SearchAction\",\"target\":{\"@type\":\"EntryPoint\",\"urlTemplate\":\"https:\\\/\\\/policy.my-gate.eu\\\/cs\\\/?s={search_term_string}\"},\"query-input\":{\"@type\":\"PropertyValueSpecification\",\"valueRequired\":true,\"valueName\":\"search_term_string\"}}],\"inLanguage\":\"cs\"}]}<\/script>\n<!-- \/ Yoast SEO plugin. -->","yoast_head_json":{"title":"Z\u00e1sady ochrany osobn\u00edch \u00fadaj\u016f - My Gate - Privacy Policy","robots":{"index":"noindex","follow":"nofollow"},"og_locale":"cs_CZ","og_type":"article","og_title":"Z\u00e1sady ochrany osobn\u00edch \u00fadaj\u016f - My Gate - Privacy Policy","og_description":"Informace t\u00fdkaj\u00edc\u00ed se zpracov\u00e1n\u00ed osobn\u00edch \u00fadaj\u016f podle \u010dl. 13 na\u0159\u00edzen\u00ed (EU) 2016\/679 (\u201eGDPR&#8220;) Spr\u00e1vce zpracov\u00e1n\u00ed Amilon S.r.l. Via Natale Battaglia \u2013 12, Milano (MI), telefonn\u00ed \u010d\u00edslo +39 02 365 596 50, privacy@amilon.it (\u201eSpole\u010dnost&#8220;). Pov\u011b\u0159enec pro ochranu osobn\u00edch \u00fadaj\u016f (DPO) dpo-ext@amilon.it \u00da\u010del zpracov\u00e1n\u00ed Pr\u00e1vn\u00ed z\u00e1klad zpracov\u00e1n\u00ed Doba uchov\u00e1v\u00e1n\u00ed \u00fadaj\u016f Umo\u017enit registraci a vyu\u017e\u00edv\u00e1n\u00ed slu\u017eeb poskytovan\u00fdch Spole\u010dnost\u00ed.... Read more &raquo;","og_url":"https:\/\/policy.my-gate.eu\/cs\/privacy-policy\/","og_site_name":"My Gate - Privacy Policy","article_modified_time":"2025-09-25T09:39:47+00:00","twitter_card":"summary_large_image","twitter_misc":{"Odhadovan\u00e1 doba \u010dten\u00ed":"2 minuty"},"schema":{"@context":"https:\/\/schema.org","@graph":[{"@type":"WebPage","@id":"https:\/\/policy.my-gate.eu\/cs\/privacy-policy\/","url":"https:\/\/policy.my-gate.eu\/cs\/privacy-policy\/","name":"Z\u00e1sady ochrany osobn\u00edch \u00fadaj\u016f - My Gate - Privacy Policy","isPartOf":{"@id":"https:\/\/policy.my-gate.eu\/cs\/#website"},"datePublished":"2025-09-25T09:37:15+00:00","dateModified":"2025-09-25T09:39:47+00:00","breadcrumb":{"@id":"https:\/\/policy.my-gate.eu\/cs\/privacy-policy\/#breadcrumb"},"inLanguage":"cs","potentialAction":[{"@type":"ReadAction","target":["https:\/\/policy.my-gate.eu\/cs\/privacy-policy\/"]}]},{"@type":"BreadcrumbList","@id":"https:\/\/policy.my-gate.eu\/cs\/privacy-policy\/#breadcrumb","itemListElement":[{"@type":"ListItem","position":1,"name":"Home","item":"https:\/\/policy.my-gate.eu\/cs\/"},{"@type":"ListItem","position":2,"name":"Z\u00e1sady ochrany osobn\u00edch \u00fadaj\u016f"}]},{"@type":"WebSite","@id":"https:\/\/policy.my-gate.eu\/cs\/#website","url":"https:\/\/policy.my-gate.eu\/cs\/","name":"My Gate - Privacy Policy","description":"","potentialAction":[{"@type":"SearchAction","target":{"@type":"EntryPoint","urlTemplate":"https:\/\/policy.my-gate.eu\/cs\/?s={search_term_string}"},"query-input":{"@type":"PropertyValueSpecification","valueRequired":true,"valueName":"search_term_string"}}],"inLanguage":"cs"}]}},"_links":{"self":[{"href":"https:\/\/policy.my-gate.eu\/cs\/wp-json\/wp\/v2\/pages\/847","targetHints":{"allow":["GET"]}}],"collection":[{"href":"https:\/\/policy.my-gate.eu\/cs\/wp-json\/wp\/v2\/pages"}],"about":[{"href":"https:\/\/policy.my-gate.eu\/cs\/wp-json\/wp\/v2\/types\/page"}],"author":[{"embeddable":true,"href":"https:\/\/policy.my-gate.eu\/cs\/wp-json\/wp\/v2\/users\/1"}],"replies":[{"embeddable":true,"href":"https:\/\/policy.my-gate.eu\/cs\/wp-json\/wp\/v2\/comments?post=847"}],"version-history":[{"count":2,"href":"https:\/\/policy.my-gate.eu\/cs\/wp-json\/wp\/v2\/pages\/847\/revisions"}],"predecessor-version":[{"id":851,"href":"https:\/\/policy.my-gate.eu\/cs\/wp-json\/wp\/v2\/pages\/847\/revisions\/851"}],"wp:attachment":[{"href":"https:\/\/policy.my-gate.eu\/cs\/wp-json\/wp\/v2\/media?parent=847"}],"curies":[{"name":"wp","href":"https:\/\/api.w.org\/{rel}","templated":true}]}}